{"id":5,"date":"2011-07-14T19:45:29","date_gmt":"2011-07-14T19:45:29","guid":{"rendered":"http:\/\/web.msicom.net\/wordpress\/?page_id=5"},"modified":"2013-02-05T16:09:50","modified_gmt":"2013-02-05T16:09:50","slug":"empresa","status":"publish","type":"page","link":"https:\/\/web.msicom.net\/wordpress\/empresa\/","title":{"rendered":"Empresa"},"content":{"rendered":"<div class=\"two_third \"><h2>Historia<\/h2>\n<p><img loading=\"lazy\" decoding=\"async\" class=\"alignnone size-full wp-image-290\" title=\"img2\" alt=\"\" src=\"https:\/\/web.msicom.net\/wordpress\/wp-content\/uploads\/2013\/02\/VistadesdeWTC.jpg\" width=\"550\" height=\"280\" \/><\/p>\n<h3>Nuestro saber hacer proviene de la experiencia<\/h3>\n<p>Marina System Ib\u00e9rica S.L. ( MSI ) fue constituida el a\u00f1o 1991 por dos ingenieros industrials en el punto \u00e1lgido de su carrera profesional, Francisco Sarrias Mosso y Ernest Serra Ravent\u00f3s.<\/p>\n<p>Francisco Sarrias Mosso tras 30 a\u00f1os de ejercicio professional por cuenta ajena se estableci\u00f3 por su cuenta junto a su amigo de la universidad para realizar el sue\u00f1o de su vida, una plataforma flotante que permitiese solucionar los problemas log\u00edsticos de la nueva industria de la acuicultura a mar abierto.<\/p>\n<p>Con una l\u00ednea de financiaci\u00f3n del CDTI y la colaboraci\u00f3n de una ingenier\u00eda noruega con experiencia en c\u00e1lculo offshore dise\u00f1\u00f3 la primera plataforma utilizando tubos de acero y hormig\u00f3n aligerado con arlita. Fue la plataforma Mariana, explotada por la empresa BARCA en las costas de Formentera.<\/p>\n<p>Despu\u00e9s de esta primera referencia, el sistema tuvo un cierto impacto medi\u00e1tico que facilit\u00f3 nuevos pedidos de plataformas, concretamente la de Algeciras ( plataforma Pisbarca ), la de la Ametlla de Mar ( plataforma Cripesa ), la de Arenys de Mar y finalment la del Masnou ( Granja Marina del Masnou ).<\/p>\n<p>Cuando el sector de la acuicultura en Europa se eclipsa con el cambio de siglo debido a la competencia de pa\u00edses en desarrollo, MSI se integra en el grupo sueco SF Marina AB especializado en el dise\u00f1o y fabricaci\u00f3n de pantalanes y rompeolas flotantes de hormig\u00f3n para puertos.<\/p>\n<div class=\"spacer\"><!-- --><\/div>\n<h2>Equipo Directivo<\/h2>\n<ul class=\"recent-posts team\"><li class=\"entry\"><a href=\"https:\/\/web.msicom.net\/wordpress\/team-view\/larsg-odh\/\" title=\"Lars G. Odhe\"><div class=\"thumb-wrap\"><img loading=\"lazy\" decoding=\"async\" width=\"98\" height=\"129\" src=\"https:\/\/web.msicom.net\/wordpress\/wp-content\/uploads\/2011\/07\/Lars_G_Odhe-98x129.jpg\" class=\"thumb wp-post-image\" alt=\"\" \/><\/div><\/a><h3><a href=\"https:\/\/web.msicom.net\/wordpress\/team-view\/larsg-odh\/\" title=\"Lars G. Odhe\">Lars G. Odhe<\/a><\/h3><div class=\"excerpt\">Presidente, Lars G. Odhe est\u00e1 en... <\/div><a href=\"https:\/\/web.msicom.net\/wordpress\/team-view\/larsg-odh\/\" class=\"link\" title=\"Lars G. Odhe\">More<\/a><div class=\"clear\"><\/div><\/li><!-- .entry (end) --><li class=\"entry\"><a href=\"https:\/\/web.msicom.net\/wordpress\/team-view\/francisco-sarria\/\" title=\"Francisco Sarrias\"><div class=\"thumb-wrap\"><img loading=\"lazy\" decoding=\"async\" width=\"133\" height=\"129\" src=\"https:\/\/web.msicom.net\/wordpress\/wp-content\/uploads\/2011\/07\/FcoSarrias-133x129.jpg\" class=\"thumb wp-post-image\" alt=\"\" \/><\/div><\/a><h3><a href=\"https:\/\/web.msicom.net\/wordpress\/team-view\/francisco-sarria\/\" title=\"Francisco Sarrias\">Francisco Sarrias<\/a><\/h3><div class=\"excerpt\">Ingeniero Director, Francisco Sarrias est\u00e1 en... <\/div><a href=\"https:\/\/web.msicom.net\/wordpress\/team-view\/francisco-sarria\/\" class=\"link\" title=\"Francisco Sarrias\">More<\/a><div class=\"clear\"><\/div><\/li><!-- .entry (end) --><li class=\"entry\"><a href=\"https:\/\/web.msicom.net\/wordpress\/team-view\/agusti-sarria\/\" title=\"Agust\u00ed Sarrias\"><div class=\"thumb-wrap\"><img loading=\"lazy\" decoding=\"async\" width=\"133\" height=\"129\" src=\"https:\/\/web.msicom.net\/wordpress\/wp-content\/uploads\/2011\/07\/AgustiSarrias-133x129.jpg\" class=\"thumb wp-post-image\" alt=\"\" \/><\/div><\/a><h3><a href=\"https:\/\/web.msicom.net\/wordpress\/team-view\/agusti-sarria\/\" title=\"Agust\u00ed Sarrias\">Agust\u00ed Sarrias<\/a><\/h3><div class=\"excerpt\">Director Financiero... <\/div><a href=\"https:\/\/web.msicom.net\/wordpress\/team-view\/agusti-sarria\/\" class=\"link\" title=\"Agust\u00ed Sarrias\">More<\/a><div class=\"clear\"><\/div><\/li><!-- .entry (end) --><\/ul><!-- .recent-posts (end) --><\/div>\n<div class=\"one_third last\"><h2>Art\u00edculos sobre la Empresa<\/h2>\n<ul class=\"recent-posts \"><li class=\"entry\"><h3><a href=\"https:\/\/web.msicom.net\/wordpress\/empresa\/estaremos-en-palma-el-29-de-abril\/\" title=\"Estaremos en Palma el 29 de Abril\">Estaremos en Palma el 29 de Abril<\/a><\/h3><div class=\"excerpt\">&#x1f6a4; Vis\u00edtenos en el Balearic Superyacht Forum \u2013 29 de abril Nuestro socio director, Francisco... <\/div><a href=\"https:\/\/web.msicom.net\/wordpress\/empresa\/estaremos-en-palma-el-29-de-abril\/\" class=\"link\" title=\"Estaremos en Palma el 29 de Abril\">More<\/a><div class=\"clear\"><\/div><\/li><!-- .entry (end) --><li class=\"entry\"><h3><a href=\"https:\/\/web.msicom.net\/wordpress\/empresa\/visitenos-en-el-salon-du-littoral-2024\/\" title=\"Vis\u00edtenos en el Salon du Littoral 2024\">Vis\u00edtenos en el Salon du Littoral 2024<\/a><\/h3><div class=\"excerpt\">Salon du Littoral 2024 El Salon International du Littoral es un evento anual enfocado en... <\/div><a href=\"https:\/\/web.msicom.net\/wordpress\/empresa\/visitenos-en-el-salon-du-littoral-2024\/\" class=\"link\" title=\"Vis\u00edtenos en el Salon du Littoral 2024\">More<\/a><div class=\"clear\"><\/div><\/li><!-- .entry (end) --><li class=\"entry\"><h3><a href=\"https:\/\/web.msicom.net\/wordpress\/empresa\/por-que-los-clientes-eligen-sf-marina-desde-hace-mas-de-100-anos\/\" title=\"\u00bfPor qu\u00e9 los clientes eligen SF Marina desde hace m\u00e1s de 100 a\u00f1os?\">\u00bfPor qu\u00e9 los clientes eligen SF Marina desde hace m\u00e1s de 100 a\u00f1os?<\/a><\/h3><div class=\"excerpt\">Nuestros pantalanes est\u00e1n dise\u00f1ados para seguir en su sitio tras la tormenta, v\u00e9alo en este... <\/div><a href=\"https:\/\/web.msicom.net\/wordpress\/empresa\/por-que-los-clientes-eligen-sf-marina-desde-hace-mas-de-100-anos\/\" class=\"link\" title=\"\u00bfPor qu\u00e9 los clientes eligen SF Marina desde hace m\u00e1s de 100 a\u00f1os?\">More<\/a><div class=\"clear\"><\/div><\/li><!-- .entry (end) --><\/ul><!-- .recent-posts (end) --><\/div><div class=\"clear\"><\/div>\n<div style=\"padding-bottom:20px; padding-top:10px;\" class=\"hupso-share-buttons\"><!-- Hupso Share Buttons - http:\/\/www.hupso.com\/share\/ --><a class=\"hupso_toolbar\" href=\"http:\/\/www.hupso.com\/share\/\"><img decoding=\"async\" src=\"https:\/\/static.hupso.com\/share\/buttons\/lang\/es\/share-medium.png\" border=\"0\" style=\"padding-top:5px; float:left;\" alt=\"Share\"\/><\/a><script type=\"text\/javascript\">var hupso_services_t=new Array(\"Twitter\",\"Facebook\",\"Google Plus\",\"Linkedin\");var hupso_toolbar_size_t=\"medium\";var hupso_twitter_via = \"MSI_Barcelona\";var hupso_counters_lang = \"en_US\";var hupso_twitter_via=\"MSI_Barcelona\";var hupso_title_t=\"Empresa\";<\/script><script type=\"text\/javascript\" src=\"https:\/\/static.hupso.com\/share\/js\/share_toolbar.js\"><\/script><!-- Hupso Share Buttons --><\/div>","protected":false},"excerpt":{"rendered":"<div style=\"padding-bottom:20px; padding-top:10px;\" class=\"hupso-share-buttons\"><!-- Hupso Share Buttons - http:\/\/www.hupso.com\/share\/ --><a class=\"hupso_toolbar\" href=\"http:\/\/www.hupso.com\/share\/\"><img src=\"https:\/\/static.hupso.com\/share\/buttons\/lang\/es\/share-medium.png\" border=\"0\" style=\"padding-top:5px; float:left;\" alt=\"Share\"\/><\/a><script type=\"text\/javascript\">var hupso_services_t=new Array(\"Twitter\",\"Facebook\",\"Google Plus\",\"Linkedin\");var hupso_toolbar_size_t=\"medium\";var hupso_twitter_via = \"MSI_Barcelona\";var hupso_counters_lang = \"en_US\";var hupso_twitter_via=\"MSI_Barcelona\";var hupso_title_t=\"\u00bfPor qu\u00e9 los clientes eligen SF Marina desde hace m\u00e1s de 100 a\u00f1os?\";<\/script><script type=\"text\/javascript\" src=\"https:\/\/static.hupso.com\/share\/js\/share_toolbar.js\"><\/script><!-- Hupso Share Buttons --><\/div>","protected":false},"author":1,"featured_media":0,"parent":0,"menu_order":1,"comment_status":"open","ping_status":"open","template":"page-fullwidth.php","meta":{"footnotes":""},"_links":{"self":[{"href":"https:\/\/web.msicom.net\/wordpress\/wp-json\/wp\/v2\/pages\/5"}],"collection":[{"href":"https:\/\/web.msicom.net\/wordpress\/wp-json\/wp\/v2\/pages"}],"about":[{"href":"https:\/\/web.msicom.net\/wordpress\/wp-json\/wp\/v2\/types\/page"}],"author":[{"embeddable":true,"href":"https:\/\/web.msicom.net\/wordpress\/wp-json\/wp\/v2\/users\/1"}],"replies":[{"embeddable":true,"href":"https:\/\/web.msicom.net\/wordpress\/wp-json\/wp\/v2\/comments?post=5"}],"version-history":[{"count":51,"href":"https:\/\/web.msicom.net\/wordpress\/wp-json\/wp\/v2\/pages\/5\/revisions"}],"predecessor-version":[{"id":544,"href":"https:\/\/web.msicom.net\/wordpress\/wp-json\/wp\/v2\/pages\/5\/revisions\/544"}],"wp:attachment":[{"href":"https:\/\/web.msicom.net\/wordpress\/wp-json\/wp\/v2\/media?parent=5"}],"curies":[{"name":"wp","href":"https:\/\/api.w.org\/{rel}","templated":true}]}}