{"id":354,"date":"2013-01-16T10:30:37","date_gmt":"2013-01-16T10:30:37","guid":{"rendered":"http:\/\/web.msicom.net\/wordpress\/?page_id=354"},"modified":"2013-02-13T15:50:30","modified_gmt":"2013-02-13T15:50:30","slug":"composites","status":"publish","type":"page","link":"https:\/\/web.msicom.net\/wordpress\/productos\/composites\/","title":{"rendered":"Composites"},"content":{"rendered":"<div class=\"two_third \"><h2>Estructuras con Composites<\/h2>\n<p><iframe loading=\"lazy\" width=\"550\" height=\"315\" src=\"http:\/\/www.youtube.com\/embed\/4MoHNZB5b_Y\" frameborder=\"0\" allowfullscreen><\/iframe><\/p>\n<div style=\"display: none;\">\n<img loading=\"lazy\" decoding=\"async\" class=\"alignnone size-full wp-image-290\" title=\"img2\" alt=\"\" src=\"https:\/\/web.msicom.net\/wordpress\/wp-content\/uploads\/2011\/07\/img2.jpg\" width=\"410\" height=\"220\" \/>\n<\/div>\n<h3>Una nueva generaci\u00f3n de estructuras ligeras e inoxidables<\/h3>\n<p>Los materiales composites tienen grandes posibilidades en su utilizaci\u00f3n en los puertos, pero la falta de experiencia con ellos hace que a\u00fan sea raro encontrarlos en obras portuarias.<br \/>\nTenemos una gran oportunidad para aprovecharnos profesionalemnte de sus ventajas tal y como ya han hecho profusamente nuestros colegas en otras industrias ( qu\u00edmica, aguas residuales, gas y petr\u00f3leo ).<br \/>\nSon materiales muy ligeros, inoxidables y con resistencias estructurales muy interesantes, hay que trabajar en la elaboraci\u00f3n de c\u00f3digos de c\u00e1lculo y buenas pr\u00e1cticas para que sean m\u00e1s populares.<br \/>\nNuestra empresa los est\u00e1 utiliz\u00e1ndolos con \u00e9xito, tanto en forma de vigas pultrusionadas, como en enrejillados tramex hechos con moldes.<\/p>\n<div class=\"spacer\"><!-- --><\/div>\n<h2>Ejemplo de Aplicaciones y Detalle del Producto<\/h2>\n<ul class=\"recent-posts team\"><li class=\"entry\"><a href=\"https:\/\/web.msicom.net\/wordpress\/empresa\/ya-os-podeis-descargar-la-presentacion-sobre-el-uso-de-composites-en-medio-portuario\/\" title=\"Ya os pod\u00e9is descargar la presentaci\u00f3n sobre el uso de composites en medio portuario\"><div class=\"thumb-wrap\"><img loading=\"lazy\" decoding=\"async\" width=\"133\" height=\"129\" src=\"https:\/\/web.msicom.net\/wordpress\/wp-content\/uploads\/2013\/05\/JornadasGral_300px-133x129.jpg\" class=\"thumb wp-post-image\" alt=\"\" \/><\/div><\/a><h3><a href=\"https:\/\/web.msicom.net\/wordpress\/empresa\/ya-os-podeis-descargar-la-presentacion-sobre-el-uso-de-composites-en-medio-portuario\/\" title=\"Ya os pod\u00e9is descargar la presentaci\u00f3n sobre el uso de composites en medio portuario\">Ya os pod\u00e9is descargar la presentaci\u00f3n sobre el uso de composites en medio portuario<\/a><\/h3><div class=\"excerpt\">Como cada dos a\u00f1os hemos disfrutado... <\/div><a href=\"https:\/\/web.msicom.net\/wordpress\/empresa\/ya-os-podeis-descargar-la-presentacion-sobre-el-uso-de-composites-en-medio-portuario\/\" class=\"link\" title=\"Ya os pod\u00e9is descargar la presentaci\u00f3n sobre el uso de composites en medio portuario\">More<\/a><div class=\"clear\"><\/div><\/li><!-- .entry (end) --><li class=\"entry\"><a href=\"https:\/\/web.msicom.net\/wordpress\/noticias\/reforcetech\/\" title=\"MSI incorpora a su cat\u00e1logo el hormig\u00f3n armado con fibra de basalto ReforceTech\"><div class=\"thumb-wrap\"><img loading=\"lazy\" decoding=\"async\" width=\"133\" height=\"129\" src=\"https:\/\/web.msicom.net\/wordpress\/wp-content\/uploads\/2011\/01\/ReforceTech-133x129.jpg\" class=\"thumb wp-post-image\" alt=\"\" \/><\/div><\/a><h3><a href=\"https:\/\/web.msicom.net\/wordpress\/noticias\/reforcetech\/\" title=\"MSI incorpora a su cat\u00e1logo el hormig\u00f3n armado con fibra de basalto ReforceTech\">MSI incorpora a su cat\u00e1logo el hormig\u00f3n armado con fibra de basalto ReforceTech<\/a><\/h3><div class=\"excerpt\">Como complemento a la l\u00ednea de... <\/div><a href=\"https:\/\/web.msicom.net\/wordpress\/noticias\/reforcetech\/\" class=\"link\" title=\"MSI incorpora a su cat\u00e1logo el hormig\u00f3n armado con fibra de basalto ReforceTech\">More<\/a><div class=\"clear\"><\/div><\/li><!-- .entry (end) --><\/ul><!-- .recent-posts (end) --><\/div>\n<div class=\"one_third last\"><h2>Especificaciones T\u00e9cnicas<\/h2>\n<div style=\"display: none;\">\n<ul class=\"recent-posts \"><li class=\"entry\"><h3><a href=\"https:\/\/web.msicom.net\/wordpress\/empresa\/estaremos-en-palma-el-29-de-abril\/\" title=\"Estaremos en Palma el 29 de Abril\">Estaremos en Palma el 29 de Abril<\/a><\/h3><div class=\"excerpt\">&#x1f6a4; Vis\u00edtenos en el Balearic Superyacht Forum \u2013 29 de abril Nuestro socio director, Francisco... <\/div><a href=\"https:\/\/web.msicom.net\/wordpress\/empresa\/estaremos-en-palma-el-29-de-abril\/\" class=\"link\" title=\"Estaremos en Palma el 29 de Abril\">More<\/a><div class=\"clear\"><\/div><\/li><!-- .entry (end) --><li class=\"entry\"><h3><a href=\"https:\/\/web.msicom.net\/wordpress\/empresa\/visitenos-en-el-salon-du-littoral-2024\/\" title=\"Vis\u00edtenos en el Salon du Littoral 2024\">Vis\u00edtenos en el Salon du Littoral 2024<\/a><\/h3><div class=\"excerpt\">Salon du Littoral 2024 El Salon International du Littoral es un evento anual enfocado en... <\/div><a href=\"https:\/\/web.msicom.net\/wordpress\/empresa\/visitenos-en-el-salon-du-littoral-2024\/\" class=\"link\" title=\"Vis\u00edtenos en el Salon du Littoral 2024\">More<\/a><div class=\"clear\"><\/div><\/li><!-- .entry (end) --><li class=\"entry\"><h3><a href=\"https:\/\/web.msicom.net\/wordpress\/empresa\/por-que-los-clientes-eligen-sf-marina-desde-hace-mas-de-100-anos\/\" title=\"\u00bfPor qu\u00e9 los clientes eligen SF Marina desde hace m\u00e1s de 100 a\u00f1os?\">\u00bfPor qu\u00e9 los clientes eligen SF Marina desde hace m\u00e1s de 100 a\u00f1os?<\/a><\/h3><div class=\"excerpt\">Nuestros pantalanes est\u00e1n dise\u00f1ados para seguir en su sitio tras la tormenta, v\u00e9alo en este... <\/div><a href=\"https:\/\/web.msicom.net\/wordpress\/empresa\/por-que-los-clientes-eligen-sf-marina-desde-hace-mas-de-100-anos\/\" class=\"link\" title=\"\u00bfPor qu\u00e9 los clientes eligen SF Marina desde hace m\u00e1s de 100 a\u00f1os?\">More<\/a><div class=\"clear\"><\/div><\/li><!-- .entry (end) --><\/ul><!-- .recent-posts (end) -->\n<\/div>\n<p><a href=\"https:\/\/web.msicom.net\/wordpress\/wp-content\/uploads\/2013\/02\/PerfilesExtren.pdf\">&#8211; Perfiles EXTREN (PDF)<\/a><br \/>\n<a href=\"https:\/\/web.msicom.net\/wordpress\/wp-content\/uploads\/2013\/02\/Eurograte-Sector-marino-2011-1.pdf\">&#8211; Losetas EUROGRATE (PDF)<\/a><\/p><\/div><div class=\"clear\"><\/div>\n<div style=\"padding-bottom:20px; padding-top:10px;\" class=\"hupso-share-buttons\"><!-- Hupso Share Buttons - http:\/\/www.hupso.com\/share\/ --><a class=\"hupso_toolbar\" href=\"http:\/\/www.hupso.com\/share\/\"><img decoding=\"async\" src=\"https:\/\/static.hupso.com\/share\/buttons\/lang\/es\/share-medium.png\" border=\"0\" style=\"padding-top:5px; float:left;\" alt=\"Share\"\/><\/a><script type=\"text\/javascript\">var hupso_services_t=new Array(\"Twitter\",\"Facebook\",\"Google Plus\",\"Linkedin\");var hupso_toolbar_size_t=\"medium\";var hupso_twitter_via = \"MSI_Barcelona\";var hupso_counters_lang = \"en_US\";var hupso_twitter_via=\"MSI_Barcelona\";var hupso_title_t=\"Composites\";<\/script><script type=\"text\/javascript\" src=\"https:\/\/static.hupso.com\/share\/js\/share_toolbar.js\"><\/script><!-- Hupso Share Buttons --><\/div>","protected":false},"excerpt":{"rendered":"<div style=\"padding-bottom:20px; padding-top:10px;\" class=\"hupso-share-buttons\"><!-- Hupso Share Buttons - http:\/\/www.hupso.com\/share\/ --><a class=\"hupso_toolbar\" href=\"http:\/\/www.hupso.com\/share\/\"><img src=\"https:\/\/static.hupso.com\/share\/buttons\/lang\/es\/share-medium.png\" border=\"0\" style=\"padding-top:5px; float:left;\" alt=\"Share\"\/><\/a><script type=\"text\/javascript\">var hupso_services_t=new Array(\"Twitter\",\"Facebook\",\"Google Plus\",\"Linkedin\");var hupso_toolbar_size_t=\"medium\";var hupso_twitter_via = \"MSI_Barcelona\";var hupso_counters_lang = \"en_US\";var hupso_twitter_via=\"MSI_Barcelona\";var hupso_title_t=\"\u00bfPor qu\u00e9 los clientes eligen SF Marina desde hace m\u00e1s de 100 a\u00f1os?\";<\/script><script type=\"text\/javascript\" src=\"https:\/\/static.hupso.com\/share\/js\/share_toolbar.js\"><\/script><!-- Hupso Share Buttons --><\/div>","protected":false},"author":1,"featured_media":0,"parent":335,"menu_order":0,"comment_status":"open","ping_status":"open","template":"page-fullwidth.php","meta":{"footnotes":""},"_links":{"self":[{"href":"https:\/\/web.msicom.net\/wordpress\/wp-json\/wp\/v2\/pages\/354"}],"collection":[{"href":"https:\/\/web.msicom.net\/wordpress\/wp-json\/wp\/v2\/pages"}],"about":[{"href":"https:\/\/web.msicom.net\/wordpress\/wp-json\/wp\/v2\/types\/page"}],"author":[{"embeddable":true,"href":"https:\/\/web.msicom.net\/wordpress\/wp-json\/wp\/v2\/users\/1"}],"replies":[{"embeddable":true,"href":"https:\/\/web.msicom.net\/wordpress\/wp-json\/wp\/v2\/comments?post=354"}],"version-history":[{"count":8,"href":"https:\/\/web.msicom.net\/wordpress\/wp-json\/wp\/v2\/pages\/354\/revisions"}],"predecessor-version":[{"id":728,"href":"https:\/\/web.msicom.net\/wordpress\/wp-json\/wp\/v2\/pages\/354\/revisions\/728"}],"up":[{"embeddable":true,"href":"https:\/\/web.msicom.net\/wordpress\/wp-json\/wp\/v2\/pages\/335"}],"wp:attachment":[{"href":"https:\/\/web.msicom.net\/wordpress\/wp-json\/wp\/v2\/media?parent=354"}],"curies":[{"name":"wp","href":"https:\/\/api.w.org\/{rel}","templated":true}]}}