{"id":352,"date":"2013-01-16T10:30:21","date_gmt":"2013-01-16T10:30:21","guid":{"rendered":"http:\/\/web.msicom.net\/wordpress\/?page_id=352"},"modified":"2013-02-13T15:38:59","modified_gmt":"2013-02-13T15:38:59","slug":"boyas","status":"publish","type":"page","link":"https:\/\/web.msicom.net\/wordpress\/productos\/boyas\/","title":{"rendered":"Boyas"},"content":{"rendered":"<div class=\"two_third \"><h2>Boyas de se\u00f1alizaci\u00f3n y amarre<\/h2>\n<div style=\"display: none;\">\n<iframe loading=\"lazy\" width=\"560\" height=\"315\" src=\"http:\/\/www.youtube.com\/embed\/vhmz9SlY1SU\" frameborder=\"0\" allowfullscreen><\/iframe>\n<\/div>\n<p><img loading=\"lazy\" decoding=\"async\" class=\"alignnone size-full wp-image-290\" title=\"img2\" alt=\"boyas\" src=\"https:\/\/web.msicom.net\/wordpress\/wp-content\/uploads\/2013\/02\/Image_Buoy_Range_res_file.jpg\" width=\"560\" height=\"798\" \/><\/p>\n<h3>La alternativa m\u00e1s econ\u00f3mica a las boyas met\u00e1licas<\/h3>\n<p>La nuevas generaciones de pl\u00e1sticos permiten hoy en d\u00eda construir por rotomoldeo boyas capaces de resistir a mar abierto sin problemas, dependiendo de la aplicaci\u00f3n se conserva una estructura interna met\u00e1lica pero se aligera el peso del conjunto y los vol\u00famenes necesarios son mucho menores que con las tradicionales boyas met\u00e1licas.<br \/>\nAdem\u00e1s su naturaleza inoxidable hace que su mantenimiento y limpieza sea menos frecuente y m\u00e1s f\u00e1cil de realizar.<\/p>\n<p>Las boyas marinas Sealite se fabrican por rotomoldeo y en polietileno estabilizado frente a los rayos UV y est\u00e1n dise\u00f1adas para ofrecer un bajo mantenimiento, soluci\u00f3n de alta visibilidad para la navegaci\u00f3n mar\u00edtima.<br \/>\nLa divisi\u00f3n de boyas Sealite proporciona una soluci\u00f3n llave en mano de boyas de navegaci\u00f3n. Desde el desarrollo de herramientas, selecci\u00f3n de materias primas y la producci\u00f3n, hasta las pruebas finales y de inspecci\u00f3n, Sealite garantiza una calidad superior y una r\u00e1pida entrega.<br \/>\nLas boyas Sealite est\u00e1n disponibles en una amplia gama de configuraciones y tama\u00f1os y acabados, pueden ser enviadas de forma econ\u00f3mica a cualquier lugar del mundo.<br \/>\nLos usuarios finales son las  Autoridades Portuarias, Puertos Comerciales y Deportivos, instalaciones de acuicultura y empresas de obra mar\u00edtima.<\/p>\n<div class=\"spacer\"><!-- --><\/div>\n<h2>Ejemplo de Aplicaciones y Detalle del Producto<\/h2>\n<ul class=\"recent-posts team\"><li class=\"entry\"><a href=\"https:\/\/web.msicom.net\/wordpress\/empresa\/msi-se-incorpora-al-cluster-mundial-de-acuicultura-acuiplus-org\/\" title=\"MSI se incorpora al Cl\u00faster Mundial de Acuicultura ACUIplus.org\"><div class=\"thumb-wrap\"><img loading=\"lazy\" decoding=\"async\" width=\"133\" height=\"129\" src=\"https:\/\/web.msicom.net\/wordpress\/wp-content\/uploads\/2014\/07\/PresentacionAccio-133x129.jpg\" class=\"thumb wp-post-image\" alt=\"\" \/><\/div><\/a><h3><a href=\"https:\/\/web.msicom.net\/wordpress\/empresa\/msi-se-incorpora-al-cluster-mundial-de-acuicultura-acuiplus-org\/\" title=\"MSI se incorpora al Cl\u00faster Mundial de Acuicultura ACUIplus.org\">MSI se incorpora al Cl\u00faster Mundial de Acuicultura ACUIplus.org<\/a><\/h3><div class=\"excerpt\">MSI se incorpora al Cl\u00faster Mundial... <\/div><a href=\"https:\/\/web.msicom.net\/wordpress\/empresa\/msi-se-incorpora-al-cluster-mundial-de-acuicultura-acuiplus-org\/\" class=\"link\" title=\"MSI se incorpora al Cl\u00faster Mundial de Acuicultura ACUIplus.org\">More<\/a><div class=\"clear\"><\/div><\/li><!-- .entry (end) --><li class=\"entry\"><a href=\"https:\/\/web.msicom.net\/wordpress\/aplicaciones-balizas\/msi-presente-en-la-conferencia-mundial-de-la-iala-en-la-coruna\/\" title=\"MSI presente en la conferencia mundial de la IALA en La Coru\u00f1a\"><div class=\"thumb-wrap\"><img loading=\"lazy\" decoding=\"async\" width=\"133\" height=\"129\" src=\"https:\/\/web.msicom.net\/wordpress\/wp-content\/uploads\/2014\/06\/iala2014-133x129.jpg\" class=\"thumb wp-post-image\" alt=\"\" \/><\/div><\/a><h3><a href=\"https:\/\/web.msicom.net\/wordpress\/aplicaciones-balizas\/msi-presente-en-la-conferencia-mundial-de-la-iala-en-la-coruna\/\" title=\"MSI presente en la conferencia mundial de la IALA en La Coru\u00f1a\">MSI presente en la conferencia mundial de la IALA en La Coru\u00f1a<\/a><\/h3><div class=\"excerpt\">MSI present\u00f3 de la mano de... <\/div><a href=\"https:\/\/web.msicom.net\/wordpress\/aplicaciones-balizas\/msi-presente-en-la-conferencia-mundial-de-la-iala-en-la-coruna\/\" class=\"link\" title=\"MSI presente en la conferencia mundial de la IALA en La Coru\u00f1a\">More<\/a><div class=\"clear\"><\/div><\/li><!-- .entry (end) --><li class=\"entry\"><a href=\"https:\/\/web.msicom.net\/wordpress\/noticias\/el-bimep-recibe-la-aprobacion-de-medio-ambiente\/\" title=\"El BIMEP recibe la aprobaci\u00f3n de Medio Ambiente\"><div class=\"thumb-wrap\"><img loading=\"lazy\" decoding=\"async\" width=\"133\" height=\"129\" src=\"https:\/\/web.msicom.net\/wordpress\/wp-content\/uploads\/2013\/02\/bimep_instalaciones-133x129.jpg\" class=\"thumb wp-post-image\" alt=\"\" \/><\/div><\/a><h3><a href=\"https:\/\/web.msicom.net\/wordpress\/noticias\/el-bimep-recibe-la-aprobacion-de-medio-ambiente\/\" title=\"El BIMEP recibe la aprobaci\u00f3n de Medio Ambiente\">El BIMEP recibe la aprobaci\u00f3n de Medio Ambiente<\/a><\/h3><div class=\"excerpt\">El Bimep tiene la luz verde... <\/div><a href=\"https:\/\/web.msicom.net\/wordpress\/noticias\/el-bimep-recibe-la-aprobacion-de-medio-ambiente\/\" class=\"link\" title=\"El BIMEP recibe la aprobaci\u00f3n de Medio Ambiente\">More<\/a><div class=\"clear\"><\/div><\/li><!-- .entry (end) --><\/ul><!-- .recent-posts (end) --><\/div>\n<div class=\"one_third last\"><h2>Especificaciones T\u00e9cnicas<\/h2>\n<div style=\"display: none;\">\n<ul class=\"recent-posts \"><li class=\"entry\"><h3><a href=\"https:\/\/web.msicom.net\/wordpress\/empresa\/estaremos-en-palma-el-29-de-abril\/\" title=\"Estaremos en Palma el 29 de Abril\">Estaremos en Palma el 29 de Abril<\/a><\/h3><div class=\"excerpt\">&#x1f6a4; Vis\u00edtenos en el Balearic Superyacht Forum \u2013 29 de abril Nuestro socio director, Francisco... <\/div><a href=\"https:\/\/web.msicom.net\/wordpress\/empresa\/estaremos-en-palma-el-29-de-abril\/\" class=\"link\" title=\"Estaremos en Palma el 29 de Abril\">More<\/a><div class=\"clear\"><\/div><\/li><!-- .entry (end) --><li class=\"entry\"><h3><a href=\"https:\/\/web.msicom.net\/wordpress\/empresa\/visitenos-en-el-salon-du-littoral-2024\/\" title=\"Vis\u00edtenos en el Salon du Littoral 2024\">Vis\u00edtenos en el Salon du Littoral 2024<\/a><\/h3><div class=\"excerpt\">Salon du Littoral 2024 El Salon International du Littoral es un evento anual enfocado en... <\/div><a href=\"https:\/\/web.msicom.net\/wordpress\/empresa\/visitenos-en-el-salon-du-littoral-2024\/\" class=\"link\" title=\"Vis\u00edtenos en el Salon du Littoral 2024\">More<\/a><div class=\"clear\"><\/div><\/li><!-- .entry (end) --><li class=\"entry\"><h3><a href=\"https:\/\/web.msicom.net\/wordpress\/empresa\/por-que-los-clientes-eligen-sf-marina-desde-hace-mas-de-100-anos\/\" title=\"\u00bfPor qu\u00e9 los clientes eligen SF Marina desde hace m\u00e1s de 100 a\u00f1os?\">\u00bfPor qu\u00e9 los clientes eligen SF Marina desde hace m\u00e1s de 100 a\u00f1os?<\/a><\/h3><div class=\"excerpt\">Nuestros pantalanes est\u00e1n dise\u00f1ados para seguir en su sitio tras la tormenta, v\u00e9alo en este... <\/div><a href=\"https:\/\/web.msicom.net\/wordpress\/empresa\/por-que-los-clientes-eligen-sf-marina-desde-hace-mas-de-100-anos\/\" class=\"link\" title=\"\u00bfPor qu\u00e9 los clientes eligen SF Marina desde hace m\u00e1s de 100 a\u00f1os?\">More<\/a><div class=\"clear\"><\/div><\/li><!-- .entry (end) --><\/ul><!-- .recent-posts (end) -->\n<\/div>\n<p><a href=\"https:\/\/web.msicom.net\/wordpress\/wp-content\/uploads\/2013\/02\/SLB1250_Spec_Spanish_V1_2012_HR.pdf\">&#8211; Boya SLB1250 di\u00e1metro 1,25 m.(PDF)<\/a><br \/>\n<a href=\"https:\/\/web.msicom.net\/wordpress\/wp-content\/uploads\/2013\/02\/SLB1500_Spec_Spanish_V1_2012_HR.pdf\">&#8211; Boya SLB1500 di\u00e1metro 1,50 m.(PDF)<\/a><br \/>\n<a href=\"https:\/\/web.msicom.net\/wordpress\/wp-content\/uploads\/2013\/02\/POSEIDON-1750_Spec_Spanish_V1_2012_HR.pdf\">&#8211; Boya Poseid\u00f3n di\u00e1metro 1,75 m.(PDF)<\/a><br \/>\n<a href=\"https:\/\/web.msicom.net\/wordpress\/wp-content\/uploads\/2013\/02\/NAUTILUS-2200_Spec_Spanish_V1_2012_HR.pdf\">&#8211; Boya Oce\u00e1nica Nautilus di\u00e1metro 2,20 m.(PDF)<\/a><\/p><\/div><div class=\"clear\"><\/div>\n<div style=\"padding-bottom:20px; padding-top:10px;\" class=\"hupso-share-buttons\"><!-- Hupso Share Buttons - http:\/\/www.hupso.com\/share\/ --><a class=\"hupso_toolbar\" href=\"http:\/\/www.hupso.com\/share\/\"><img decoding=\"async\" src=\"https:\/\/static.hupso.com\/share\/buttons\/lang\/es\/share-medium.png\" border=\"0\" style=\"padding-top:5px; float:left;\" alt=\"Share\"\/><\/a><script type=\"text\/javascript\">var hupso_services_t=new Array(\"Twitter\",\"Facebook\",\"Google Plus\",\"Linkedin\");var hupso_toolbar_size_t=\"medium\";var hupso_twitter_via = \"MSI_Barcelona\";var hupso_counters_lang = \"en_US\";var hupso_twitter_via=\"MSI_Barcelona\";var hupso_title_t=\"Boyas\";<\/script><script type=\"text\/javascript\" src=\"https:\/\/static.hupso.com\/share\/js\/share_toolbar.js\"><\/script><!-- Hupso Share Buttons --><\/div>","protected":false},"excerpt":{"rendered":"<div style=\"padding-bottom:20px; padding-top:10px;\" class=\"hupso-share-buttons\"><!-- Hupso Share Buttons - http:\/\/www.hupso.com\/share\/ --><a class=\"hupso_toolbar\" href=\"http:\/\/www.hupso.com\/share\/\"><img src=\"https:\/\/static.hupso.com\/share\/buttons\/lang\/es\/share-medium.png\" border=\"0\" style=\"padding-top:5px; float:left;\" alt=\"Share\"\/><\/a><script type=\"text\/javascript\">var hupso_services_t=new Array(\"Twitter\",\"Facebook\",\"Google Plus\",\"Linkedin\");var hupso_toolbar_size_t=\"medium\";var hupso_twitter_via = \"MSI_Barcelona\";var hupso_counters_lang = \"en_US\";var hupso_twitter_via=\"MSI_Barcelona\";var hupso_title_t=\"\u00bfPor qu\u00e9 los clientes eligen SF Marina desde hace m\u00e1s de 100 a\u00f1os?\";<\/script><script type=\"text\/javascript\" src=\"https:\/\/static.hupso.com\/share\/js\/share_toolbar.js\"><\/script><!-- Hupso Share Buttons --><\/div>","protected":false},"author":1,"featured_media":0,"parent":335,"menu_order":0,"comment_status":"open","ping_status":"open","template":"page-fullwidth.php","meta":{"footnotes":""},"_links":{"self":[{"href":"https:\/\/web.msicom.net\/wordpress\/wp-json\/wp\/v2\/pages\/352"}],"collection":[{"href":"https:\/\/web.msicom.net\/wordpress\/wp-json\/wp\/v2\/pages"}],"about":[{"href":"https:\/\/web.msicom.net\/wordpress\/wp-json\/wp\/v2\/types\/page"}],"author":[{"embeddable":true,"href":"https:\/\/web.msicom.net\/wordpress\/wp-json\/wp\/v2\/users\/1"}],"replies":[{"embeddable":true,"href":"https:\/\/web.msicom.net\/wordpress\/wp-json\/wp\/v2\/comments?post=352"}],"version-history":[{"count":20,"href":"https:\/\/web.msicom.net\/wordpress\/wp-json\/wp\/v2\/pages\/352\/revisions"}],"predecessor-version":[{"id":692,"href":"https:\/\/web.msicom.net\/wordpress\/wp-json\/wp\/v2\/pages\/352\/revisions\/692"}],"up":[{"embeddable":true,"href":"https:\/\/web.msicom.net\/wordpress\/wp-json\/wp\/v2\/pages\/335"}],"wp:attachment":[{"href":"https:\/\/web.msicom.net\/wordpress\/wp-json\/wp\/v2\/media?parent=352"}],"curies":[{"name":"wp","href":"https:\/\/api.w.org\/{rel}","templated":true}]}}