{"id":350,"date":"2013-01-16T10:29:49","date_gmt":"2013-01-16T10:29:49","guid":{"rendered":"http:\/\/web.msicom.net\/wordpress\/?page_id=350"},"modified":"2013-02-13T15:37:10","modified_gmt":"2013-02-13T15:37:10","slug":"balizas","status":"publish","type":"page","link":"https:\/\/web.msicom.net\/wordpress\/productos\/balizas\/","title":{"rendered":"Balizas"},"content":{"rendered":"<div class=\"two_third \"><h2>Balizas de se\u00f1alizaci\u00f3n de tecnolog\u00eda LED<\/h2>\n<div style=\"display: none;\">\n<iframe loading=\"lazy\" width=\"560\" height=\"315\" src=\"http:\/\/www.youtube.com\/embed\/vhmz9SlY1SU\" frameborder=\"0\" allowfullscreen><\/iframe>\n<\/div>\n<p><img loading=\"lazy\" decoding=\"async\" class=\"alignnone size-full wp-image-290\" title=\"img2\" alt=\"balizas\" src=\"https:\/\/web.msicom.net\/wordpress\/wp-content\/uploads\/2013\/02\/Image_Lantern_Range_res_file.jpg\" width=\"560\" height=\"798\" \/><\/p>\n<h3>Se\u00f1alizaci\u00f3n fiable y de bajo mantenimiento<\/h3>\n<p>La irrupci\u00f3n de los LEDs ( diodos electroluminiscentes ) ha revolucionado el mundo de la iluminaci\u00f3n y la se\u00f1alizaci\u00f3n mar\u00edtima no pod\u00eda ser una excepci\u00f3n. Cada nueva generaci\u00f3n de estos semiconductores permite reducir la potencia el\u00e9ctrica necesaria para conseguir la misma luz, y ello se traduce en paneles solares, bater\u00edas y equipos de control mucho m\u00e1s peque\u00f1os y sencillos.<br \/>\nEllo ha dado lugar a la aparici\u00f3n de las balizas compactas, elementos estancos que incorporan en un mismo encapsulado toda la electr\u00f3nica y paneles necesarios para que la baliza funcione de manera aut\u00f3noma tras atornillarla a su soporte.<br \/>\nNo es necesaria la intervenci\u00f3n de ning\u00fan especialista para configurarla, ya que con unos peque\u00f1os conmutadores se selecciona la cadencia de destellos deseada.<\/p>\n<p>La gama de linternas marinas de LED Sealite est\u00e1n dise\u00f1adas para no tener mantenimiento y una vida \u00fatil de hasta 12 a\u00f1os. Con una visibilidad desde 1mn (1,8km) a m\u00e1s de 12mn (22,2km) son ideales para aplicaciones que incluyen la acuicultura, marcado de per\u00edmetro y peligro, canales y entradas de puerto y aplicaciones marinas en general.<br \/>\nLos usuarios finales son las  Autoridades Portuarias, Puertos Comerciales y Deportivos, instalaciones de acuicultura, empresas de obra mar\u00edtima.<br \/>\nCada producto incorpora lo \u00faltimo en tecnolog\u00eda LED, energ\u00eda solar, bater\u00eda, electr\u00f3nica y tecnolog\u00eda del moldeo, y est\u00e1 dise\u00f1ado para cumplir con las recomendaciones de la IALA para las ayudas a la navegaci\u00f3n.<br \/>\n<div class=\"spacer\"><!-- --><\/div>\n<h2>Ejemplo de Aplicaciones y Detalle del Producto<\/h2>\n<ul class=\"recent-posts team\"><li class=\"entry\"><a href=\"https:\/\/web.msicom.net\/wordpress\/aplicaciones-balizas\/video-explicativo-de-las-balizas-gps-de-larga-duracion-en-el-salon-nautico-de-barcelona\/\" title=\"V\u00eddeo explicativo de las balizas GPS de larga duraci\u00f3n en el Sal\u00f3n N\u00e1utico de Barcelona\"><div class=\"thumb-wrap\"><img loading=\"lazy\" decoding=\"async\" width=\"133\" height=\"129\" src=\"https:\/\/web.msicom.net\/wordpress\/wp-content\/uploads\/2016\/11\/PortadaVideo-133x129.jpg\" class=\"thumb wp-post-image\" alt=\"\" \/><\/div><\/a><h3><a href=\"https:\/\/web.msicom.net\/wordpress\/aplicaciones-balizas\/video-explicativo-de-las-balizas-gps-de-larga-duracion-en-el-salon-nautico-de-barcelona\/\" title=\"V\u00eddeo explicativo de las balizas GPS de larga duraci\u00f3n en el Sal\u00f3n N\u00e1utico de Barcelona\">V\u00eddeo explicativo de las balizas GPS de larga duraci\u00f3n en el Sal\u00f3n N\u00e1utico de Barcelona<\/a><\/h3><div class=\"excerpt\">Pulse sobre la imagen para ver... <\/div><a href=\"https:\/\/web.msicom.net\/wordpress\/aplicaciones-balizas\/video-explicativo-de-las-balizas-gps-de-larga-duracion-en-el-salon-nautico-de-barcelona\/\" class=\"link\" title=\"V\u00eddeo explicativo de las balizas GPS de larga duraci\u00f3n en el Sal\u00f3n N\u00e1utico de Barcelona\">More<\/a><div class=\"clear\"><\/div><\/li><!-- .entry (end) --><li class=\"entry\"><a href=\"https:\/\/web.msicom.net\/wordpress\/aplicaciones-balizas\/estaremos-presentes-en-las-1as-jornadas-de-emprendedores-del-salon-nautico-de-barcelona\/\" title=\"Estaremos presentes en las 1as. Jornadas de Emprendedores del Sal\u00f3n N\u00e1utico de Barcelona\"><div class=\"thumb-wrap\"><img loading=\"lazy\" decoding=\"async\" width=\"133\" height=\"129\" src=\"https:\/\/web.msicom.net\/wordpress\/wp-content\/uploads\/2016\/09\/banner_300x250_es-133x129.gif\" class=\"thumb wp-post-image\" alt=\"\" \/><\/div><\/a><h3><a href=\"https:\/\/web.msicom.net\/wordpress\/aplicaciones-balizas\/estaremos-presentes-en-las-1as-jornadas-de-emprendedores-del-salon-nautico-de-barcelona\/\" title=\"Estaremos presentes en las 1as. Jornadas de Emprendedores del Sal\u00f3n N\u00e1utico de Barcelona\">Estaremos presentes en las 1as. Jornadas de Emprendedores del Sal\u00f3n N\u00e1utico de Barcelona<\/a><\/h3><div class=\"excerpt\">&nbsp; A trav\u00e9s de su filial... <\/div><a href=\"https:\/\/web.msicom.net\/wordpress\/aplicaciones-balizas\/estaremos-presentes-en-las-1as-jornadas-de-emprendedores-del-salon-nautico-de-barcelona\/\" class=\"link\" title=\"Estaremos presentes en las 1as. Jornadas de Emprendedores del Sal\u00f3n N\u00e1utico de Barcelona\">More<\/a><div class=\"clear\"><\/div><\/li><!-- .entry (end) --><li class=\"entry\"><a href=\"https:\/\/web.msicom.net\/wordpress\/empresa\/msi-se-incorpora-al-cluster-mundial-de-acuicultura-acuiplus-org\/\" title=\"MSI se incorpora al Cl\u00faster Mundial de Acuicultura ACUIplus.org\"><div class=\"thumb-wrap\"><img loading=\"lazy\" decoding=\"async\" width=\"133\" height=\"129\" src=\"https:\/\/web.msicom.net\/wordpress\/wp-content\/uploads\/2014\/07\/PresentacionAccio-133x129.jpg\" class=\"thumb wp-post-image\" alt=\"\" \/><\/div><\/a><h3><a href=\"https:\/\/web.msicom.net\/wordpress\/empresa\/msi-se-incorpora-al-cluster-mundial-de-acuicultura-acuiplus-org\/\" title=\"MSI se incorpora al Cl\u00faster Mundial de Acuicultura ACUIplus.org\">MSI se incorpora al Cl\u00faster Mundial de Acuicultura ACUIplus.org<\/a><\/h3><div class=\"excerpt\">MSI se incorpora al Cl\u00faster Mundial... <\/div><a href=\"https:\/\/web.msicom.net\/wordpress\/empresa\/msi-se-incorpora-al-cluster-mundial-de-acuicultura-acuiplus-org\/\" class=\"link\" title=\"MSI se incorpora al Cl\u00faster Mundial de Acuicultura ACUIplus.org\">More<\/a><div class=\"clear\"><\/div><\/li><!-- .entry (end) --><li class=\"entry\"><a href=\"https:\/\/web.msicom.net\/wordpress\/aplicaciones-balizas\/msi-presente-en-la-conferencia-mundial-de-la-iala-en-la-coruna\/\" title=\"MSI presente en la conferencia mundial de la IALA en La Coru\u00f1a\"><div class=\"thumb-wrap\"><img loading=\"lazy\" decoding=\"async\" width=\"133\" height=\"129\" src=\"https:\/\/web.msicom.net\/wordpress\/wp-content\/uploads\/2014\/06\/iala2014-133x129.jpg\" class=\"thumb wp-post-image\" alt=\"\" \/><\/div><\/a><h3><a href=\"https:\/\/web.msicom.net\/wordpress\/aplicaciones-balizas\/msi-presente-en-la-conferencia-mundial-de-la-iala-en-la-coruna\/\" title=\"MSI presente en la conferencia mundial de la IALA en La Coru\u00f1a\">MSI presente en la conferencia mundial de la IALA en La Coru\u00f1a<\/a><\/h3><div class=\"excerpt\">MSI present\u00f3 de la mano de... <\/div><a href=\"https:\/\/web.msicom.net\/wordpress\/aplicaciones-balizas\/msi-presente-en-la-conferencia-mundial-de-la-iala-en-la-coruna\/\" class=\"link\" title=\"MSI presente en la conferencia mundial de la IALA en La Coru\u00f1a\">More<\/a><div class=\"clear\"><\/div><\/li><!-- .entry (end) --><\/ul><!-- .recent-posts (end) --><\/div>\n<div class=\"one_third last\"><h2>Especificaciones T\u00e9cnicas<\/h2>\n<div style=\"display: none;\">\n<ul class=\"recent-posts \"><li class=\"entry\"><h3><a href=\"https:\/\/web.msicom.net\/wordpress\/empresa\/estaremos-en-palma-el-29-de-abril\/\" title=\"Estaremos en Palma el 29 de Abril\">Estaremos en Palma el 29 de Abril<\/a><\/h3><div class=\"excerpt\">&#x1f6a4; Vis\u00edtenos en el Balearic Superyacht Forum \u2013 29 de abril Nuestro socio director, Francisco... <\/div><a href=\"https:\/\/web.msicom.net\/wordpress\/empresa\/estaremos-en-palma-el-29-de-abril\/\" class=\"link\" title=\"Estaremos en Palma el 29 de Abril\">More<\/a><div class=\"clear\"><\/div><\/li><!-- .entry (end) --><li class=\"entry\"><h3><a href=\"https:\/\/web.msicom.net\/wordpress\/empresa\/visitenos-en-el-salon-du-littoral-2024\/\" title=\"Vis\u00edtenos en el Salon du Littoral 2024\">Vis\u00edtenos en el Salon du Littoral 2024<\/a><\/h3><div class=\"excerpt\">Salon du Littoral 2024 El Salon International du Littoral es un evento anual enfocado en... <\/div><a href=\"https:\/\/web.msicom.net\/wordpress\/empresa\/visitenos-en-el-salon-du-littoral-2024\/\" class=\"link\" title=\"Vis\u00edtenos en el Salon du Littoral 2024\">More<\/a><div class=\"clear\"><\/div><\/li><!-- .entry (end) --><li class=\"entry\"><h3><a href=\"https:\/\/web.msicom.net\/wordpress\/empresa\/por-que-los-clientes-eligen-sf-marina-desde-hace-mas-de-100-anos\/\" title=\"\u00bfPor qu\u00e9 los clientes eligen SF Marina desde hace m\u00e1s de 100 a\u00f1os?\">\u00bfPor qu\u00e9 los clientes eligen SF Marina desde hace m\u00e1s de 100 a\u00f1os?<\/a><\/h3><div class=\"excerpt\">Nuestros pantalanes est\u00e1n dise\u00f1ados para seguir en su sitio tras la tormenta, v\u00e9alo en este... <\/div><a href=\"https:\/\/web.msicom.net\/wordpress\/empresa\/por-que-los-clientes-eligen-sf-marina-desde-hace-mas-de-100-anos\/\" class=\"link\" title=\"\u00bfPor qu\u00e9 los clientes eligen SF Marina desde hace m\u00e1s de 100 a\u00f1os?\">More<\/a><div class=\"clear\"><\/div><\/li><!-- .entry (end) --><\/ul><!-- .recent-posts (end) -->\n<\/div>\n<p><a href=\"https:\/\/web.msicom.net\/wordpress\/wp-content\/uploads\/2013\/02\/SL15_Spec_Spanish_V2_2012_HR.pdf\">&#8211; Modelo SL15 ( alcance 1-2 Millas ) (PDF)<\/a><br \/>\n<a href=\"https:\/\/web.msicom.net\/wordpress\/wp-content\/uploads\/2013\/02\/SL60_Spec_Spanish_V1_2012_HR.pdf\">&#8211; Modelo SL60 ( alcance 2-3 Millas ) (PDF)<\/a><br \/>\n<a href=\"https:\/\/web.msicom.net\/wordpress\/wp-content\/uploads\/2013\/02\/SLC310_Spec_Spanish_V1_2012_HR.pdf\">&#8211; Modelo SL310 ( alcance 3-5 Millas ) (PDF)<\/a><\/p><\/div><div class=\"clear\"><\/div>\n<div style=\"padding-bottom:20px; padding-top:10px;\" class=\"hupso-share-buttons\"><!-- Hupso Share Buttons - http:\/\/www.hupso.com\/share\/ --><a class=\"hupso_toolbar\" href=\"http:\/\/www.hupso.com\/share\/\"><img decoding=\"async\" src=\"https:\/\/static.hupso.com\/share\/buttons\/lang\/es\/share-medium.png\" border=\"0\" style=\"padding-top:5px; float:left;\" alt=\"Share\"\/><\/a><script type=\"text\/javascript\">var hupso_services_t=new Array(\"Twitter\",\"Facebook\",\"Google Plus\",\"Linkedin\");var hupso_toolbar_size_t=\"medium\";var hupso_twitter_via = \"MSI_Barcelona\";var hupso_counters_lang = \"en_US\";var hupso_twitter_via=\"MSI_Barcelona\";var hupso_title_t=\"Balizas\";<\/script><script type=\"text\/javascript\" src=\"https:\/\/static.hupso.com\/share\/js\/share_toolbar.js\"><\/script><!-- Hupso Share Buttons --><\/div>","protected":false},"excerpt":{"rendered":"<div style=\"padding-bottom:20px; padding-top:10px;\" class=\"hupso-share-buttons\"><!-- Hupso Share Buttons - http:\/\/www.hupso.com\/share\/ --><a class=\"hupso_toolbar\" href=\"http:\/\/www.hupso.com\/share\/\"><img src=\"https:\/\/static.hupso.com\/share\/buttons\/lang\/es\/share-medium.png\" border=\"0\" style=\"padding-top:5px; float:left;\" alt=\"Share\"\/><\/a><script type=\"text\/javascript\">var hupso_services_t=new Array(\"Twitter\",\"Facebook\",\"Google Plus\",\"Linkedin\");var hupso_toolbar_size_t=\"medium\";var hupso_twitter_via = \"MSI_Barcelona\";var hupso_counters_lang = \"en_US\";var hupso_twitter_via=\"MSI_Barcelona\";var hupso_title_t=\"\u00bfPor qu\u00e9 los clientes eligen SF Marina desde hace m\u00e1s de 100 a\u00f1os?\";<\/script><script type=\"text\/javascript\" src=\"https:\/\/static.hupso.com\/share\/js\/share_toolbar.js\"><\/script><!-- Hupso Share Buttons --><\/div>","protected":false},"author":1,"featured_media":0,"parent":335,"menu_order":4,"comment_status":"open","ping_status":"open","template":"page-fullwidth.php","meta":{"footnotes":""},"_links":{"self":[{"href":"https:\/\/web.msicom.net\/wordpress\/wp-json\/wp\/v2\/pages\/350"}],"collection":[{"href":"https:\/\/web.msicom.net\/wordpress\/wp-json\/wp\/v2\/pages"}],"about":[{"href":"https:\/\/web.msicom.net\/wordpress\/wp-json\/wp\/v2\/types\/page"}],"author":[{"embeddable":true,"href":"https:\/\/web.msicom.net\/wordpress\/wp-json\/wp\/v2\/users\/1"}],"replies":[{"embeddable":true,"href":"https:\/\/web.msicom.net\/wordpress\/wp-json\/wp\/v2\/comments?post=350"}],"version-history":[{"count":18,"href":"https:\/\/web.msicom.net\/wordpress\/wp-json\/wp\/v2\/pages\/350\/revisions"}],"predecessor-version":[{"id":684,"href":"https:\/\/web.msicom.net\/wordpress\/wp-json\/wp\/v2\/pages\/350\/revisions\/684"}],"up":[{"embeddable":true,"href":"https:\/\/web.msicom.net\/wordpress\/wp-json\/wp\/v2\/pages\/335"}],"wp:attachment":[{"href":"https:\/\/web.msicom.net\/wordpress\/wp-json\/wp\/v2\/media?parent=350"}],"curies":[{"name":"wp","href":"https:\/\/api.w.org\/{rel}","templated":true}]}}