{"id":348,"date":"2013-01-16T10:29:05","date_gmt":"2013-01-16T10:29:05","guid":{"rendered":"http:\/\/web.msicom.net\/wordpress\/?page_id=348"},"modified":"2013-02-13T11:04:24","modified_gmt":"2013-02-13T11:04:24","slug":"rompeolas-flotante","status":"publish","type":"page","link":"https:\/\/web.msicom.net\/wordpress\/productos\/rompeolas-flotante\/","title":{"rendered":"Rompeolas Flotante"},"content":{"rendered":"<div class=\"two_third \"><h2>Rompeolas Flotante de Hormig\u00f3n<\/h2>\n<p><iframe loading=\"lazy\" width=\"550\" height=\"315\" src=\"http:\/\/www.youtube.com\/embed\/IzgmqmL9lxU\" frameborder=\"0\" allowfullscreen><\/iframe><\/p>\n<div style=\"display: none;\">\n<img loading=\"lazy\" decoding=\"async\" class=\"alignnone size-full wp-image-290\" title=\"img2\" alt=\"\" src=\"https:\/\/web.msicom.net\/wordpress\/wp-content\/uploads\/2011\/07\/img2.jpg\" width=\"410\" height=\"220\" \/>\n<\/div>\n<h3>La protecci\u00f3n l\u00f3gica para estuarios y d\u00e1rsenas semi-abrigadas<\/h3>\n<p>Las embarcaciones son un valioso activo que no puede ponerse en riesgo alegremente al amarrarlas en espejos de agua que no cumplan con unas condiciones de agitaci\u00f3n controladas en cualquier condici\u00f3n meteorol\u00f3gica.<br \/>\nSin embargo los promotores y gestores de puertos se encuentran a menudo con emplazamientos a los que se les podr\u00eda sacar un interesante rendimiento econ\u00f3mico si no fuera porque durante determinados d\u00edas del a\u00f1o el viento o el paso de embarcaciones a gran velocidad los hace impracticables como amarre seguro.<br \/>\nLos rompeolas flotantes son la soluci\u00f3n para crear abrigos en lugares donde se producen este tipo de olas cortas debidas al viento o al paso de buques.<br \/>\nEsto pasa t\u00edpicamente en d\u00e1rsenas naturales o grandes puertos donde hay zonas que no cumplen por si solas los standares de agitaci\u00f3n establecidos ( altura de ola inferior a 30 cm ).<br \/>\nAdem\u00e1s, el hecho de que sean flotantes y por tanto se fijen al fondo como los pantalanes, hace que su impacto medioambiental sea peque\u00f1o y por tanto las tramitaciones de permisos y autorizaciones m\u00e1s sencillas.<\/p>\n<div class=\"spacer\"><!-- --><\/div>\n<h2>Ejemplo de Aplicaciones y Detalle del Producto<\/h2>\n<ul class=\"recent-posts team\"><li class=\"entry\"><a href=\"https:\/\/web.msicom.net\/wordpress\/noticias\/rompeolas-flotante-de-10-m-de-ancho\/\" title=\"Rompeolas flotante de 10 m de ancho\"><div class=\"thumb-wrap\"><img loading=\"lazy\" decoding=\"async\" width=\"133\" height=\"129\" src=\"https:\/\/web.msicom.net\/wordpress\/wp-content\/uploads\/2020\/12\/Rompeolas10m-133x129.png\" class=\"thumb wp-post-image\" alt=\"\" \/><\/div><\/a><h3><a href=\"https:\/\/web.msicom.net\/wordpress\/noticias\/rompeolas-flotante-de-10-m-de-ancho\/\" title=\"Rompeolas flotante de 10 m de ancho\">Rompeolas flotante de 10 m de ancho<\/a><\/h3><div class=\"excerpt\">Impresionante v\u00eddeo de nuestro primer rompeolas... <\/div><a href=\"https:\/\/web.msicom.net\/wordpress\/noticias\/rompeolas-flotante-de-10-m-de-ancho\/\" class=\"link\" title=\"Rompeolas flotante de 10 m de ancho\">More<\/a><div class=\"clear\"><\/div><\/li><!-- .entry (end) --><li class=\"entry\"><a href=\"https:\/\/web.msicom.net\/wordpress\/aplicaciones-rompeolas\/proteccion-del-poliestiren\/\" title=\"Protecci\u00f3n del Poliestireno\"><div class=\"thumb-wrap\"><img loading=\"lazy\" decoding=\"async\" width=\"133\" height=\"129\" src=\"https:\/\/web.msicom.net\/wordpress\/wp-content\/uploads\/2013\/02\/LineX21-133x129.jpg\" class=\"thumb wp-post-image\" alt=\"\" \/><\/div><\/a><h3><a href=\"https:\/\/web.msicom.net\/wordpress\/aplicaciones-rompeolas\/proteccion-del-poliestiren\/\" title=\"Protecci\u00f3n del Poliestireno\">Protecci\u00f3n del Poliestireno<\/a><\/h3><div class=\"excerpt\">Uno de los elementos m\u00e1s fr\u00e1giles... <\/div><a href=\"https:\/\/web.msicom.net\/wordpress\/aplicaciones-rompeolas\/proteccion-del-poliestiren\/\" class=\"link\" title=\"Protecci\u00f3n del Poliestireno\">More<\/a><div class=\"clear\"><\/div><\/li><!-- .entry (end) --><li class=\"entry\"><a href=\"https:\/\/web.msicom.net\/wordpress\/aplicaciones-rompeolas\/pilotes-integrados\/\" title=\"Pilotes Integrados\"><div class=\"thumb-wrap\"><img loading=\"lazy\" decoding=\"async\" width=\"133\" height=\"129\" src=\"https:\/\/web.msicom.net\/wordpress\/wp-content\/uploads\/2013\/02\/GuideAuCentre-133x129.jpg\" class=\"thumb wp-post-image\" alt=\"\" \/><\/div><\/a><h3><a href=\"https:\/\/web.msicom.net\/wordpress\/aplicaciones-rompeolas\/pilotes-integrados\/\" title=\"Pilotes Integrados\">Pilotes Integrados<\/a><\/h3><div class=\"excerpt\">Si bien el fondeo es la... <\/div><a href=\"https:\/\/web.msicom.net\/wordpress\/aplicaciones-rompeolas\/pilotes-integrados\/\" class=\"link\" title=\"Pilotes Integrados\">More<\/a><div class=\"clear\"><\/div><\/li><!-- .entry (end) --><li class=\"entry\"><a href=\"https:\/\/web.msicom.net\/wordpress\/aplicaciones-rompeolas\/ensayos-hidrodinamicos\/\" title=\"Ensayos Hidrodin\u00e1micos\"><div class=\"thumb-wrap\"><img loading=\"lazy\" decoding=\"async\" width=\"133\" height=\"129\" src=\"https:\/\/web.msicom.net\/wordpress\/wp-content\/uploads\/2013\/02\/Inha1-133x129.jpg\" class=\"thumb wp-post-image\" alt=\"\" \/><\/div><\/a><h3><a href=\"https:\/\/web.msicom.net\/wordpress\/aplicaciones-rompeolas\/ensayos-hidrodinamicos\/\" title=\"Ensayos Hidrodin\u00e1micos\">Ensayos Hidrodin\u00e1micos<\/a><\/h3><div class=\"excerpt\">Una de las dificultades de la... <\/div><a href=\"https:\/\/web.msicom.net\/wordpress\/aplicaciones-rompeolas\/ensayos-hidrodinamicos\/\" class=\"link\" title=\"Ensayos Hidrodin\u00e1micos\">More<\/a><div class=\"clear\"><\/div><\/li><!-- .entry (end) --><\/ul><!-- .recent-posts (end) --><\/div>\n<div class=\"one_third last\"><h2>Especificaciones T\u00e9cnicas<\/h2>\n<div style=\"display: none;\">\n<ul class=\"recent-posts \"><li class=\"entry\"><h3><a href=\"https:\/\/web.msicom.net\/wordpress\/empresa\/estaremos-en-palma-el-29-de-abril\/\" title=\"Estaremos en Palma el 29 de Abril\">Estaremos en Palma el 29 de Abril<\/a><\/h3><div class=\"excerpt\">&#x1f6a4; Vis\u00edtenos en el Balearic Superyacht Forum \u2013 29 de abril Nuestro socio director, Francisco... <\/div><a href=\"https:\/\/web.msicom.net\/wordpress\/empresa\/estaremos-en-palma-el-29-de-abril\/\" class=\"link\" title=\"Estaremos en Palma el 29 de Abril\">More<\/a><div class=\"clear\"><\/div><\/li><!-- .entry (end) --><li class=\"entry\"><h3><a href=\"https:\/\/web.msicom.net\/wordpress\/empresa\/visitenos-en-el-salon-du-littoral-2024\/\" title=\"Vis\u00edtenos en el Salon du Littoral 2024\">Vis\u00edtenos en el Salon du Littoral 2024<\/a><\/h3><div class=\"excerpt\">Salon du Littoral 2024 El Salon International du Littoral es un evento anual enfocado en... <\/div><a href=\"https:\/\/web.msicom.net\/wordpress\/empresa\/visitenos-en-el-salon-du-littoral-2024\/\" class=\"link\" title=\"Vis\u00edtenos en el Salon du Littoral 2024\">More<\/a><div class=\"clear\"><\/div><\/li><!-- .entry (end) --><li class=\"entry\"><h3><a href=\"https:\/\/web.msicom.net\/wordpress\/empresa\/por-que-los-clientes-eligen-sf-marina-desde-hace-mas-de-100-anos\/\" title=\"\u00bfPor qu\u00e9 los clientes eligen SF Marina desde hace m\u00e1s de 100 a\u00f1os?\">\u00bfPor qu\u00e9 los clientes eligen SF Marina desde hace m\u00e1s de 100 a\u00f1os?<\/a><\/h3><div class=\"excerpt\">Nuestros pantalanes est\u00e1n dise\u00f1ados para seguir en su sitio tras la tormenta, v\u00e9alo en este... <\/div><a href=\"https:\/\/web.msicom.net\/wordpress\/empresa\/por-que-los-clientes-eligen-sf-marina-desde-hace-mas-de-100-anos\/\" class=\"link\" title=\"\u00bfPor qu\u00e9 los clientes eligen SF Marina desde hace m\u00e1s de 100 a\u00f1os?\">More<\/a><div class=\"clear\"><\/div><\/li><!-- .entry (end) --><\/ul><!-- .recent-posts (end) -->\n<\/div>\n<p><a href=\"https:\/\/web.msicom.net\/wordpress\/wp-content\/uploads\/2013\/02\/T400_Germanishe_Lloyd.pdf\">&#8211; Certificados Germanishe Lloyd (PDF)<\/a><br \/>\n<a href=\"https:\/\/web.msicom.net\/wordpress\/wp-content\/uploads\/2013\/02\/EPena_Structural-behavior-of-floating-breakwaters.pdf\">&#8211; Comportamiento Estructural &#8211; Universidad de La Coru\u00f1a (PDF en ingl\u00e9s)<\/a><br \/>\n<a href=\"https:\/\/web.msicom.net\/wordpress\/wp-content\/uploads\/2013\/02\/Sanchez-et-al-_CoastLab_10_final_paper.pdf\">&#8211; Eficiencia Hidrodin\u00e1mica &#8211; Universidad de La Coru\u00f1a (PDF en ingl\u00e9s)<\/a><\/p><\/div><div class=\"clear\"><\/div>\n<div style=\"padding-bottom:20px; padding-top:10px;\" class=\"hupso-share-buttons\"><!-- Hupso Share Buttons - http:\/\/www.hupso.com\/share\/ --><a class=\"hupso_toolbar\" href=\"http:\/\/www.hupso.com\/share\/\"><img decoding=\"async\" src=\"https:\/\/static.hupso.com\/share\/buttons\/lang\/es\/share-medium.png\" border=\"0\" style=\"padding-top:5px; float:left;\" alt=\"Share\"\/><\/a><script type=\"text\/javascript\">var hupso_services_t=new Array(\"Twitter\",\"Facebook\",\"Google Plus\",\"Linkedin\");var hupso_toolbar_size_t=\"medium\";var hupso_twitter_via = \"MSI_Barcelona\";var hupso_counters_lang = \"en_US\";var hupso_twitter_via=\"MSI_Barcelona\";var hupso_title_t=\"Rompeolas Flotante\";<\/script><script type=\"text\/javascript\" src=\"https:\/\/static.hupso.com\/share\/js\/share_toolbar.js\"><\/script><!-- Hupso Share Buttons --><\/div>","protected":false},"excerpt":{"rendered":"<div style=\"padding-bottom:20px; padding-top:10px;\" class=\"hupso-share-buttons\"><!-- Hupso Share Buttons - http:\/\/www.hupso.com\/share\/ --><a class=\"hupso_toolbar\" href=\"http:\/\/www.hupso.com\/share\/\"><img src=\"https:\/\/static.hupso.com\/share\/buttons\/lang\/es\/share-medium.png\" border=\"0\" style=\"padding-top:5px; float:left;\" alt=\"Share\"\/><\/a><script type=\"text\/javascript\">var hupso_services_t=new Array(\"Twitter\",\"Facebook\",\"Google Plus\",\"Linkedin\");var hupso_toolbar_size_t=\"medium\";var hupso_twitter_via = \"MSI_Barcelona\";var hupso_counters_lang = \"en_US\";var hupso_twitter_via=\"MSI_Barcelona\";var hupso_title_t=\"\u00bfPor qu\u00e9 los clientes eligen SF Marina desde hace m\u00e1s de 100 a\u00f1os?\";<\/script><script type=\"text\/javascript\" src=\"https:\/\/static.hupso.com\/share\/js\/share_toolbar.js\"><\/script><!-- Hupso Share Buttons --><\/div>","protected":false},"author":1,"featured_media":0,"parent":335,"menu_order":0,"comment_status":"open","ping_status":"open","template":"page-fullwidth.php","meta":{"footnotes":""},"_links":{"self":[{"href":"https:\/\/web.msicom.net\/wordpress\/wp-json\/wp\/v2\/pages\/348"}],"collection":[{"href":"https:\/\/web.msicom.net\/wordpress\/wp-json\/wp\/v2\/pages"}],"about":[{"href":"https:\/\/web.msicom.net\/wordpress\/wp-json\/wp\/v2\/types\/page"}],"author":[{"embeddable":true,"href":"https:\/\/web.msicom.net\/wordpress\/wp-json\/wp\/v2\/users\/1"}],"replies":[{"embeddable":true,"href":"https:\/\/web.msicom.net\/wordpress\/wp-json\/wp\/v2\/comments?post=348"}],"version-history":[{"count":14,"href":"https:\/\/web.msicom.net\/wordpress\/wp-json\/wp\/v2\/pages\/348\/revisions"}],"predecessor-version":[{"id":674,"href":"https:\/\/web.msicom.net\/wordpress\/wp-json\/wp\/v2\/pages\/348\/revisions\/674"}],"up":[{"embeddable":true,"href":"https:\/\/web.msicom.net\/wordpress\/wp-json\/wp\/v2\/pages\/335"}],"wp:attachment":[{"href":"https:\/\/web.msicom.net\/wordpress\/wp-json\/wp\/v2\/media?parent=348"}],"curies":[{"name":"wp","href":"https:\/\/api.w.org\/{rel}","templated":true}]}}