{"id":339,"date":"2013-01-15T21:14:13","date_gmt":"2013-01-15T21:14:13","guid":{"rendered":"http:\/\/web.msicom.net\/wordpress\/?page_id=339"},"modified":"2013-02-12T11:14:44","modified_gmt":"2013-02-12T11:14:44","slug":"pantalanes-hormigon","status":"publish","type":"page","link":"https:\/\/web.msicom.net\/wordpress\/productos\/pantalanes-hormigon\/","title":{"rendered":"Pantalanes Hormig\u00f3n"},"content":{"rendered":"<div class=\"two_third \"><h2>Pantalanes flotantes de Hormig\u00f3n<\/h2>\n<p><iframe loading=\"lazy\" width=\"550\" height=\"315\" src=\"http:\/\/www.youtube.com\/embed\/RS8IchoLg_c\" frameborder=\"0\" allowfullscreen><\/iframe><\/p>\n<div style=\"display: none;\">\n<img loading=\"lazy\" decoding=\"async\" class=\"alignnone size-full wp-image-290\" title=\"img2\" alt=\"\" src=\"https:\/\/web.msicom.net\/wordpress\/wp-content\/uploads\/2011\/07\/img2.jpg\" width=\"410\" height=\"220\" \/>\n<\/div>\n<h3>La soluci\u00f3n m\u00e1s robusta para el amarre de embarcaciones<\/h3>\n<p>Tradicionalmente los pantalanes flotantes han sido asociados a estructuras inestables y para embarcaciones de recreo de poco porte. Ello es debido a que hasta hace poco el material preferencial para construirlos eran los perfiles met\u00e1licos ( aluminio o acero galvanizado en caliente ).<br \/>\nLa irrupci\u00f3n del hormig\u00f3n como elemento constructivo de cajones aligerados con poliestireno cambia el panorama por completo y por primera vez  se pueden implantar pantalanes flotantes con una estabilidad y resistencia similares a la de los pantalanes fijos construidos con placas del mismo material.<br \/>\nLos pantalanes de hormig\u00f3n al ser un \u00fanico bloque sin flotadores independientes tiene mucha flotabilidad ( de 400 a 1.200 Kg\/m2 ) y resiste muy bien el oleaje en zonas semiabrigadas ( hasta 1,0 m de altura de ola ).<br \/>\nSu enorme inercia los hace ideales para el amarre de embarcaciones de esloras medias como superyates, pesqueros,lanchas de rescate y control, ferries de pasajeros y patrulleras.<br \/>\nEst\u00e1n disponibles en anchos que van desde los 2,40 m a los 5,0 m. y se pueden conectar en paralelo para construir plataformas sobre las que edificar  casas flotantes, restaurantes, etc&#8230;<\/p>\n<div class=\"spacer\"><!-- --><\/div>\n<h2>Ejemplo de Aplicaciones y Detalles del Producto<\/h2>\n<ul class=\"recent-posts team\"><li class=\"entry\"><a href=\"https:\/\/web.msicom.net\/wordpress\/noticias\/mas-madera-menos-aluminio\/\" title=\"<span lang =\"es\">M\u00c1S MADERA, MENOS ALUMINIO<\/span>\"><div class=\"thumb-wrap\"><img loading=\"lazy\" decoding=\"async\" width=\"133\" height=\"129\" src=\"https:\/\/web.msicom.net\/wordpress\/wp-content\/uploads\/2023\/07\/T31_montaje-133x129.jpg\" class=\"thumb wp-post-image\" alt=\"Ensamblaje de plataforma de madera\" \/><\/div><\/a><h3><a href=\"https:\/\/web.msicom.net\/wordpress\/noticias\/mas-madera-menos-aluminio\/\" title=\"<span lang =\"es\">M\u00c1S MADERA, MENOS ALUMINIO<\/span>\"><span lang =\"es\">M\u00c1S MADERA, MENOS ALUMINIO<\/span><\/a><\/h3><div class=\"excerpt\">En general, la madera es la... <\/div><a href=\"https:\/\/web.msicom.net\/wordpress\/noticias\/mas-madera-menos-aluminio\/\" class=\"link\" title=\"<span lang =\"es\">M\u00c1S MADERA, MENOS ALUMINIO<\/span>\">More<\/a><div class=\"clear\"><\/div><\/li><!-- .entry (end) --><li class=\"entry\"><a href=\"https:\/\/web.msicom.net\/wordpress\/noticias\/el-dinamismo-del-puerto-de-tanger-med-2-en-marruecos-requiere-instalaciones-para-los-remolcadores-seguras-y-reubicables\/\" title=\"El dinamismo del Puerto de Tanger Med 2 en Marruecos requiere instalaciones para los remolcadores seguras y reubicables\"><div class=\"thumb-wrap\"><img loading=\"lazy\" decoding=\"async\" width=\"133\" height=\"129\" src=\"https:\/\/web.msicom.net\/wordpress\/wp-content\/uploads\/2019\/12\/TangerMED-Oct2018-133x129.jpeg\" class=\"thumb wp-post-image\" alt=\"\" \/><\/div><\/a><h3><a href=\"https:\/\/web.msicom.net\/wordpress\/noticias\/el-dinamismo-del-puerto-de-tanger-med-2-en-marruecos-requiere-instalaciones-para-los-remolcadores-seguras-y-reubicables\/\" title=\"El dinamismo del Puerto de Tanger Med 2 en Marruecos requiere instalaciones para los remolcadores seguras y reubicables\">El dinamismo del Puerto de Tanger Med 2 en Marruecos requiere instalaciones para los remolcadores seguras y reubicables<\/a><\/h3><div class=\"excerpt\">El dinamismo del Puerto de Tanger... <\/div><a href=\"https:\/\/web.msicom.net\/wordpress\/noticias\/el-dinamismo-del-puerto-de-tanger-med-2-en-marruecos-requiere-instalaciones-para-los-remolcadores-seguras-y-reubicables\/\" class=\"link\" title=\"El dinamismo del Puerto de Tanger Med 2 en Marruecos requiere instalaciones para los remolcadores seguras y reubicables\">More<\/a><div class=\"clear\"><\/div><\/li><!-- .entry (end) --><li class=\"entry\"><a href=\"https:\/\/web.msicom.net\/wordpress\/noticias\/novedades-en-mets-amsterdam-2014-nuevo-dualdocker-telescopico\/\" title=\"Novedades en METS Amsterdam 2014: Nuevo DualDocker telesc\u00f3pico\"><div class=\"thumb-wrap\"><img loading=\"lazy\" decoding=\"async\" width=\"133\" height=\"129\" src=\"https:\/\/web.msicom.net\/wordpress\/wp-content\/uploads\/2014\/11\/DualDockerTelescopicoconSoftAdapter600-133x129.jpg\" class=\"thumb wp-post-image\" alt=\"\" \/><\/div><\/a><h3><a href=\"https:\/\/web.msicom.net\/wordpress\/noticias\/novedades-en-mets-amsterdam-2014-nuevo-dualdocker-telescopico\/\" title=\"Novedades en METS Amsterdam 2014: Nuevo DualDocker telesc\u00f3pico\">Novedades en METS Amsterdam 2014: Nuevo DualDocker telesc\u00f3pico<\/a><\/h3><div class=\"excerpt\">Hoy se ha presentado en el... <\/div><a href=\"https:\/\/web.msicom.net\/wordpress\/noticias\/novedades-en-mets-amsterdam-2014-nuevo-dualdocker-telescopico\/\" class=\"link\" title=\"Novedades en METS Amsterdam 2014: Nuevo DualDocker telesc\u00f3pico\">More<\/a><div class=\"clear\"><\/div><\/li><!-- .entry (end) --><li class=\"entry\"><a href=\"https:\/\/web.msicom.net\/wordpress\/noticias\/primeras-fotos-de-los-nuevos-pantalanes-flotantes-de-hormigon-para-marina-port-vell\/\" title=\"Primeras fotos de los nuevos pantalanes flotantes de hormig\u00f3n para Marina Port Vell\"><div class=\"thumb-wrap\"><img loading=\"lazy\" decoding=\"async\" width=\"133\" height=\"129\" src=\"https:\/\/web.msicom.net\/wordpress\/wp-content\/uploads\/2013\/04\/CamionMPV-133x129.jpg\" class=\"thumb wp-post-image\" alt=\"Transporte especial ancho 5,0 m\" \/><\/div><\/a><h3><a href=\"https:\/\/web.msicom.net\/wordpress\/noticias\/primeras-fotos-de-los-nuevos-pantalanes-flotantes-de-hormigon-para-marina-port-vell\/\" title=\"Primeras fotos de los nuevos pantalanes flotantes de hormig\u00f3n para Marina Port Vell\">Primeras fotos de los nuevos pantalanes flotantes de hormig\u00f3n para Marina Port Vell<\/a><\/h3><div class=\"excerpt\">La semana pasada los conductores de... <\/div><a href=\"https:\/\/web.msicom.net\/wordpress\/noticias\/primeras-fotos-de-los-nuevos-pantalanes-flotantes-de-hormigon-para-marina-port-vell\/\" class=\"link\" title=\"Primeras fotos de los nuevos pantalanes flotantes de hormig\u00f3n para Marina Port Vell\">More<\/a><div class=\"clear\"><\/div><\/li><!-- .entry (end) --><\/ul><!-- .recent-posts (end) --><\/div>\n<div class=\"one_third last\"><h2>Especificaciones T\u00e9cnicas<\/h2>\n<div style=\"display: none;\">\n<ul class=\"recent-posts \"><li class=\"entry\"><h3><a href=\"https:\/\/web.msicom.net\/wordpress\/empresa\/estaremos-en-palma-el-29-de-abril\/\" title=\"Estaremos en Palma el 29 de Abril\">Estaremos en Palma el 29 de Abril<\/a><\/h3><div class=\"excerpt\">&#x1f6a4; Vis\u00edtenos en el Balearic Superyacht Forum \u2013 29 de abril Nuestro socio director, Francisco... <\/div><a href=\"https:\/\/web.msicom.net\/wordpress\/empresa\/estaremos-en-palma-el-29-de-abril\/\" class=\"link\" title=\"Estaremos en Palma el 29 de Abril\">More<\/a><div class=\"clear\"><\/div><\/li><!-- .entry (end) --><li class=\"entry\"><h3><a href=\"https:\/\/web.msicom.net\/wordpress\/empresa\/visitenos-en-el-salon-du-littoral-2024\/\" title=\"Vis\u00edtenos en el Salon du Littoral 2024\">Vis\u00edtenos en el Salon du Littoral 2024<\/a><\/h3><div class=\"excerpt\">Salon du Littoral 2024 El Salon International du Littoral es un evento anual enfocado en... <\/div><a href=\"https:\/\/web.msicom.net\/wordpress\/empresa\/visitenos-en-el-salon-du-littoral-2024\/\" class=\"link\" title=\"Vis\u00edtenos en el Salon du Littoral 2024\">More<\/a><div class=\"clear\"><\/div><\/li><!-- .entry (end) --><li class=\"entry\"><h3><a href=\"https:\/\/web.msicom.net\/wordpress\/empresa\/por-que-los-clientes-eligen-sf-marina-desde-hace-mas-de-100-anos\/\" title=\"\u00bfPor qu\u00e9 los clientes eligen SF Marina desde hace m\u00e1s de 100 a\u00f1os?\">\u00bfPor qu\u00e9 los clientes eligen SF Marina desde hace m\u00e1s de 100 a\u00f1os?<\/a><\/h3><div class=\"excerpt\">Nuestros pantalanes est\u00e1n dise\u00f1ados para seguir en su sitio tras la tormenta, v\u00e9alo en este... <\/div><a href=\"https:\/\/web.msicom.net\/wordpress\/empresa\/por-que-los-clientes-eligen-sf-marina-desde-hace-mas-de-100-anos\/\" class=\"link\" title=\"\u00bfPor qu\u00e9 los clientes eligen SF Marina desde hace m\u00e1s de 100 a\u00f1os?\">More<\/a><div class=\"clear\"><\/div><\/li><!-- .entry (end) --><\/ul><!-- .recent-posts (end) -->\n<\/div>\n<p><a href=\"https:\/\/web.msicom.net\/wordpress\/wp-content\/uploads\/2013\/02\/T26espanol.pdf\">&#8211; Folleto del modelo T26 de 0,90 m de puntal (PDF)<\/a><br \/>\n<a href=\"https:\/\/web.msicom.net\/wordpress\/wp-content\/uploads\/2013\/02\/T62FolletoEspanol.pdf\">&#8211; Folleto del modelo T62 de 1,20 m de puntal (PDF)<\/a><br \/>\n<a href=\"https:\/\/web.msicom.net\/wordpress\/wp-content\/uploads\/2013\/02\/SF1500Superyates.pdf\">&#8211; Folleto del modelo SF1500 de 1,50 m de puntal (PDF)<\/a><\/p><\/div><div class=\"clear\"><\/div>\n<div style=\"padding-bottom:20px; padding-top:10px;\" class=\"hupso-share-buttons\"><!-- Hupso Share Buttons - http:\/\/www.hupso.com\/share\/ --><a class=\"hupso_toolbar\" href=\"http:\/\/www.hupso.com\/share\/\"><img decoding=\"async\" src=\"https:\/\/static.hupso.com\/share\/buttons\/lang\/es\/share-medium.png\" border=\"0\" style=\"padding-top:5px; float:left;\" alt=\"Share\"\/><\/a><script type=\"text\/javascript\">var hupso_services_t=new Array(\"Twitter\",\"Facebook\",\"Google Plus\",\"Linkedin\");var hupso_toolbar_size_t=\"medium\";var hupso_twitter_via = \"MSI_Barcelona\";var hupso_counters_lang = \"en_US\";var hupso_twitter_via=\"MSI_Barcelona\";var hupso_title_t=\"Pantalanes Hormig\u00f3n\";<\/script><script type=\"text\/javascript\" src=\"https:\/\/static.hupso.com\/share\/js\/share_toolbar.js\"><\/script><!-- Hupso Share Buttons --><\/div>","protected":false},"excerpt":{"rendered":"<div style=\"padding-bottom:20px; padding-top:10px;\" class=\"hupso-share-buttons\"><!-- Hupso Share Buttons - http:\/\/www.hupso.com\/share\/ --><a class=\"hupso_toolbar\" href=\"http:\/\/www.hupso.com\/share\/\"><img src=\"https:\/\/static.hupso.com\/share\/buttons\/lang\/es\/share-medium.png\" border=\"0\" style=\"padding-top:5px; float:left;\" alt=\"Share\"\/><\/a><script type=\"text\/javascript\">var hupso_services_t=new Array(\"Twitter\",\"Facebook\",\"Google Plus\",\"Linkedin\");var hupso_toolbar_size_t=\"medium\";var hupso_twitter_via = \"MSI_Barcelona\";var hupso_counters_lang = \"en_US\";var hupso_twitter_via=\"MSI_Barcelona\";var hupso_title_t=\"\u00bfPor qu\u00e9 los clientes eligen SF Marina desde hace m\u00e1s de 100 a\u00f1os?\";<\/script><script type=\"text\/javascript\" src=\"https:\/\/static.hupso.com\/share\/js\/share_toolbar.js\"><\/script><!-- Hupso Share Buttons --><\/div>","protected":false},"author":1,"featured_media":0,"parent":335,"menu_order":0,"comment_status":"open","ping_status":"open","template":"page-fullwidth.php","meta":{"footnotes":""},"_links":{"self":[{"href":"https:\/\/web.msicom.net\/wordpress\/wp-json\/wp\/v2\/pages\/339"}],"collection":[{"href":"https:\/\/web.msicom.net\/wordpress\/wp-json\/wp\/v2\/pages"}],"about":[{"href":"https:\/\/web.msicom.net\/wordpress\/wp-json\/wp\/v2\/types\/page"}],"author":[{"embeddable":true,"href":"https:\/\/web.msicom.net\/wordpress\/wp-json\/wp\/v2\/users\/1"}],"replies":[{"embeddable":true,"href":"https:\/\/web.msicom.net\/wordpress\/wp-json\/wp\/v2\/comments?post=339"}],"version-history":[{"count":19,"href":"https:\/\/web.msicom.net\/wordpress\/wp-json\/wp\/v2\/pages\/339\/revisions"}],"predecessor-version":[{"id":602,"href":"https:\/\/web.msicom.net\/wordpress\/wp-json\/wp\/v2\/pages\/339\/revisions\/602"}],"up":[{"embeddable":true,"href":"https:\/\/web.msicom.net\/wordpress\/wp-json\/wp\/v2\/pages\/335"}],"wp:attachment":[{"href":"https:\/\/web.msicom.net\/wordpress\/wp-json\/wp\/v2\/media?parent=339"}],"curies":[{"name":"wp","href":"https:\/\/api.w.org\/{rel}","templated":true}]}}