{"id":14,"date":"2011-07-14T19:47:05","date_gmt":"2011-07-14T19:47:05","guid":{"rendered":"http:\/\/web.msicom.net\/wordpress\/?page_id=14"},"modified":"2023-07-06T18:40:56","modified_gmt":"2023-07-06T18:40:56","slug":"contacts","status":"publish","type":"page","link":"https:\/\/web.msicom.net\/wordpress\/contacts\/","title":{"rendered":"Contacto"},"content":{"rendered":"<h2 style=\"text-align: center;\">C\u00f3mo llegar a nuestras oficinas<\/h2>\n<p style=\"text-align: center;\"><iframe loading=\"lazy\" src=\"https:\/\/maps.google.es\/maps?f=q&amp;source=s_q&amp;hl=en&amp;geocode=&amp;q=World+Trade+Center+Barcelona,+Barcelona&amp;aq=0&amp;oq=world+trade+center&amp;sll=41.692248,1.745868&amp;sspn=2.813794,6.459961&amp;t=m&amp;ie=UTF8&amp;hq=World+Trade+Center+Barcelona,+Barcelona&amp;ll=41.371307,2.181698&amp;spn=0.016747,0.032015&amp;output=embed\" width=\"550\" height=\"350\" frameborder=\"0\" marginwidth=\"0\" marginheight=\"0\" scrolling=\"no\"><\/iframe><br \/>\n<small><a style=\"color: #0000ff; text-align: left;\" href=\"https:\/\/maps.google.es\/maps?f=q&amp;source=embed&amp;hl=en&amp;geocode=&amp;q=World+Trade+Center+Barcelona,+Barcelona&amp;aq=0&amp;oq=world+trade+center&amp;sll=41.692248,1.745868&amp;sspn=2.813794,6.459961&amp;t=m&amp;ie=UTF8&amp;hq=World+Trade+Center+Barcelona,+Barcelona&amp;ll=41.371307,2.181698&amp;spn=0.016747,0.032015\">View Larger Map<\/a><\/small><\/p>\n<h5>Nuestras oficinas comerciales est\u00e1n en el Puerto de Barcelona, la planta de producci\u00f3n a 70 Km., en la localidad de Vic.<\/h5>\n<p>Para llegar en coche tome la Ronda Litoral, salida Ciutat Vella y tras circunvalar la Pla\u00e7a del Carb\u00f3 aparque en el parking subterr\u00e1neo debajo de la torre del telef\u00e9rico. Si viene en transporte p\u00fablico, las estaciones de metro m\u00e1s cercanas son Drassanes (L3 verde) o Paral.lel (L2 ), la l\u00ednea 20 del autob\u00fas tiene parada en el complejo y tambi\u00e9n hay un punto de Bicing.<\/p>\n<dl class=\"address\">\n<dt>Marina System Ib\u00e9rica S.L.<br \/>\nWorld Trade Center, Edificio Sur, planta 2a.<br \/>\nMoll de Barcelona s\/n,<br \/>\n08039 Barcelona ( Espa\u00f1a )<\/dt>\n<dt><\/dt>\n<dd>\n<ul>\n<li>Tel\u00e9fono:+34 93 737 2695<\/li>\n<li>M\u00f3vil:+34 607 28 79 53<\/li>\n<li>E-mail: <a href=\"mailto:info@msi1991.com\">info@msi1991.com<\/a><\/li>\n<\/ul>\n<\/dd>\n<\/dl>\n<div style=\"padding-bottom:20px; padding-top:10px;\" class=\"hupso-share-buttons\"><!-- Hupso Share Buttons - http:\/\/www.hupso.com\/share\/ --><a class=\"hupso_toolbar\" href=\"http:\/\/www.hupso.com\/share\/\"><img decoding=\"async\" src=\"https:\/\/static.hupso.com\/share\/buttons\/lang\/es\/share-medium.png\" border=\"0\" style=\"padding-top:5px; float:left;\" alt=\"Share\"\/><\/a><script type=\"text\/javascript\">var hupso_services_t=new Array(\"Twitter\",\"Facebook\",\"Google Plus\",\"Linkedin\");var hupso_toolbar_size_t=\"medium\";var hupso_twitter_via = \"MSI_Barcelona\";var hupso_counters_lang = \"en_US\";var hupso_twitter_via=\"MSI_Barcelona\";var hupso_title_t=\"Contacto\";<\/script><script type=\"text\/javascript\" src=\"https:\/\/static.hupso.com\/share\/js\/share_toolbar.js\"><\/script><!-- Hupso Share Buttons --><\/div>","protected":false},"excerpt":{"rendered":"<p>C\u00f3mo llegar a nuestras oficinas View Larger Map Nuestras oficinas comerciales est\u00e1n en el Puerto de Barcelona, la planta de producci\u00f3n a 70 Km., en la localidad de Vic. Para llegar en coche tome la Ronda Litoral, salida Ciutat Vella y tras circunvalar la Pla\u00e7a del Carb\u00f3 aparque en el parking subterr\u00e1neo debajo de la torre del telef\u00e9rico. Si viene en transporte p\u00fablico, las estaciones de metro m\u00e1s cercanas son Drassanes (L3 verde) o Paral.lel (L2 ), la l\u00ednea 20 del autob\u00fas tiene parada en el complejo y tambi\u00e9n hay un punto de Bicing. Marina System Ib\u00e9rica S.L. World Trade Center, Edificio Sur, planta 2a. Moll de Barcelona s\/n, 08039<\/p>\n<div style=\"padding-bottom:20px; padding-top:10px;\" class=\"hupso-share-buttons\"><!-- Hupso Share Buttons - http:\/\/www.hupso.com\/share\/ --><a class=\"hupso_toolbar\" href=\"http:\/\/www.hupso.com\/share\/\"><img src=\"https:\/\/static.hupso.com\/share\/buttons\/lang\/es\/share-medium.png\" border=\"0\" style=\"padding-top:5px; float:left;\" alt=\"Share\"\/><\/a><script type=\"text\/javascript\">var hupso_services_t=new Array(\"Twitter\",\"Facebook\",\"Google Plus\",\"Linkedin\");var hupso_toolbar_size_t=\"medium\";var hupso_twitter_via = \"MSI_Barcelona\";var hupso_counters_lang = \"en_US\";var hupso_twitter_via=\"MSI_Barcelona\";var hupso_title_t=\"Contacto\";<\/script><script type=\"text\/javascript\" src=\"https:\/\/static.hupso.com\/share\/js\/share_toolbar.js\"><\/script><!-- Hupso Share Buttons --><\/div>","protected":false},"author":1,"featured_media":0,"parent":0,"menu_order":6,"comment_status":"open","ping_status":"open","template":"page-fullwidth.php","meta":{"footnotes":""},"_links":{"self":[{"href":"https:\/\/web.msicom.net\/wordpress\/wp-json\/wp\/v2\/pages\/14"}],"collection":[{"href":"https:\/\/web.msicom.net\/wordpress\/wp-json\/wp\/v2\/pages"}],"about":[{"href":"https:\/\/web.msicom.net\/wordpress\/wp-json\/wp\/v2\/types\/page"}],"author":[{"embeddable":true,"href":"https:\/\/web.msicom.net\/wordpress\/wp-json\/wp\/v2\/users\/1"}],"replies":[{"embeddable":true,"href":"https:\/\/web.msicom.net\/wordpress\/wp-json\/wp\/v2\/comments?post=14"}],"version-history":[{"count":32,"href":"https:\/\/web.msicom.net\/wordpress\/wp-json\/wp\/v2\/pages\/14\/revisions"}],"predecessor-version":[{"id":1300,"href":"https:\/\/web.msicom.net\/wordpress\/wp-json\/wp\/v2\/pages\/14\/revisions\/1300"}],"wp:attachment":[{"href":"https:\/\/web.msicom.net\/wordpress\/wp-json\/wp\/v2\/media?parent=14"}],"curies":[{"name":"wp","href":"https:\/\/api.w.org\/{rel}","templated":true}]}}