{"id":1151,"date":"2017-10-24T12:06:36","date_gmt":"2017-10-24T12:06:36","guid":{"rendered":"http:\/\/web.msicom.net\/wordpress\/?page_id=1151"},"modified":"2017-10-30T16:26:57","modified_gmt":"2017-10-30T16:26:57","slug":"paneles-solares","status":"publish","type":"page","link":"https:\/\/web.msicom.net\/wordpress\/productos\/paneles-solares\/","title":{"rendered":"Paneles Solares"},"content":{"rendered":"<div class=\"two_third \"><h2>Paneles Solares para pantalanes<\/h2>\n<h3>Paneles sobre pantal\u00e1n de madera<\/h3>\n<div style=\"display: none;\"><iframe loading=\"lazy\" src=\"https:\/\/web.msicom.net\/wordpress\/wp-content\/uploads\/2017\/10\/DSC_0394_800px.jpg\" width=\"560\" height=\"315\" frameborder=\"0\" allowfullscreen=\"allowfullscreen\"><\/iframe><\/div>\n<div><a href=\"https:\/\/web.msicom.net\/wordpress\/wp-content\/uploads\/2017\/10\/DSC_0394_800px.jpg\"><img loading=\"lazy\" decoding=\"async\" class=\" size-full wp-image-988 alignnone\" src=\"https:\/\/web.msicom.net\/wordpress\/wp-content\/uploads\/2017\/10\/DSC_0394_800px.jpg\" alt=\"PanelSolarPantalanMAdera\" width=\"300\" height=\"150\" \/><\/a><\/div>\n<p>&nbsp;<\/p>\n<h3>Encaje de los paneles<\/h3>\n<p><a href=\"https:\/\/web.msicom.net\/wordpress\/wp-content\/uploads\/2017\/10\/DSC_0402_800px.jpg\"><img loading=\"lazy\" decoding=\"async\" class=\" size-medium wp-image-995 alignnone\" src=\"https:\/\/web.msicom.net\/wordpress\/wp-content\/uploads\/2017\/10\/DSC_0402_800px.jpg\" alt=\"DetallePaneles\" width=\"300\" height=\"155\" \/><\/a><\/p>\n<h3>C\u00e9lula solar individual<\/h3>\n<div> <a href=\"https:\/\/web.msicom.net\/wordpress\/wp-content\/uploads\/2017\/10\/Solceller-001_800px.jpg\"><img loading=\"lazy\" decoding=\"async\" class=\" size-medium wp-image-998 alignnone\" src=\"https:\/\/web.msicom.net\/wordpress\/wp-content\/uploads\/2017\/10\/Solceller-001_800px.jpg\" alt=\"CelulaSolar\" width=\"300\" height=\"206\" \/><\/a><\/div>\n<p>&nbsp;<\/p>\n<h3>Aproveche la superf\u00edcie de los pantalanes para generar electricidad<\/h3>\n<p>Nuestros paneles solares transitables son ideales para aprovechar las superf\u00edcies del puerto como los pantalanes que est\u00e1n la mayor parte del tiempo expuestas al sol.<\/p>\n<p>Integrando nuestros paneles solares generamos energ\u00eda limpia que se puede aprovechar directamente para recargar las bater\u00edas de los barcos o para inyectarla en la red el\u00e9ctrica del puerto.<\/p>\n<div class=\"spacer\"><!-- --><\/div>\n<h2>Ejemplo de Aplicaciones y Detalle del Producto<\/h2>\n<ul class=\"recent-posts team\"><li class=\"entry\"><a href=\"https:\/\/web.msicom.net\/wordpress\/noticias\/el-dinamismo-del-puerto-de-tanger-med-2-en-marruecos-requiere-instalaciones-para-los-remolcadores-seguras-y-reubicables\/\" title=\"El dinamismo del Puerto de Tanger Med 2 en Marruecos requiere instalaciones para los remolcadores seguras y reubicables\"><div class=\"thumb-wrap\"><img loading=\"lazy\" decoding=\"async\" width=\"133\" height=\"129\" src=\"https:\/\/web.msicom.net\/wordpress\/wp-content\/uploads\/2019\/12\/TangerMED-Oct2018-133x129.jpeg\" class=\"thumb wp-post-image\" alt=\"\" \/><\/div><\/a><h3><a href=\"https:\/\/web.msicom.net\/wordpress\/noticias\/el-dinamismo-del-puerto-de-tanger-med-2-en-marruecos-requiere-instalaciones-para-los-remolcadores-seguras-y-reubicables\/\" title=\"El dinamismo del Puerto de Tanger Med 2 en Marruecos requiere instalaciones para los remolcadores seguras y reubicables\">El dinamismo del Puerto de Tanger Med 2 en Marruecos requiere instalaciones para los remolcadores seguras y reubicables<\/a><\/h3><div class=\"excerpt\">El dinamismo del Puerto de Tanger... <\/div><a href=\"https:\/\/web.msicom.net\/wordpress\/noticias\/el-dinamismo-del-puerto-de-tanger-med-2-en-marruecos-requiere-instalaciones-para-los-remolcadores-seguras-y-reubicables\/\" class=\"link\" title=\"El dinamismo del Puerto de Tanger Med 2 en Marruecos requiere instalaciones para los remolcadores seguras y reubicables\">More<\/a><div class=\"clear\"><\/div><\/li><!-- .entry (end) --><li class=\"entry\"><a href=\"https:\/\/web.msicom.net\/wordpress\/noticias\/inaugurado-en-show-room-dualdocker-en-la-sede-de-msi-en-barcelona\/\" title=\"Inaugurado en \u00abShow Room\u00bb DualDocker en la sede de MSI en Barcelona\"><div class=\"thumb-wrap\"><img loading=\"lazy\" decoding=\"async\" width=\"133\" height=\"129\" src=\"https:\/\/web.msicom.net\/wordpress\/wp-content\/uploads\/2015\/02\/MasterClass2015-133x129.jpg\" class=\"thumb wp-post-image\" alt=\"\" \/><\/div><\/a><h3><a href=\"https:\/\/web.msicom.net\/wordpress\/noticias\/inaugurado-en-show-room-dualdocker-en-la-sede-de-msi-en-barcelona\/\" title=\"Inaugurado en \u00abShow Room\u00bb DualDocker en la sede de MSI en Barcelona\">Inaugurado en \u00abShow Room\u00bb DualDocker en la sede de MSI en Barcelona<\/a><\/h3><div class=\"excerpt\">Tras el \u00e9xito de la celebraci\u00f3n... <\/div><a href=\"https:\/\/web.msicom.net\/wordpress\/noticias\/inaugurado-en-show-room-dualdocker-en-la-sede-de-msi-en-barcelona\/\" class=\"link\" title=\"Inaugurado en \u00abShow Room\u00bb DualDocker en la sede de MSI en Barcelona\">More<\/a><div class=\"clear\"><\/div><\/li><!-- .entry (end) --><\/ul><!-- .recent-posts (end) --><\/div>\n<div class=\"one_third last\"><h2>Documentaci\u00f3n T\u00e9cnica<\/h2>\n<div style=\"display: none;\"><ul class=\"recent-posts \"><li class=\"entry\"><h3><a href=\"https:\/\/web.msicom.net\/wordpress\/empresa\/estaremos-en-palma-el-29-de-abril\/\" title=\"Estaremos en Palma el 29 de Abril\">Estaremos en Palma el 29 de Abril<\/a><\/h3><div class=\"excerpt\">&#x1f6a4; Vis\u00edtenos en el Balearic Superyacht Forum \u2013 29 de abril Nuestro socio director, Francisco... <\/div><a href=\"https:\/\/web.msicom.net\/wordpress\/empresa\/estaremos-en-palma-el-29-de-abril\/\" class=\"link\" title=\"Estaremos en Palma el 29 de Abril\">More<\/a><div class=\"clear\"><\/div><\/li><!-- .entry (end) --><li class=\"entry\"><h3><a href=\"https:\/\/web.msicom.net\/wordpress\/empresa\/visitenos-en-el-salon-du-littoral-2024\/\" title=\"Vis\u00edtenos en el Salon du Littoral 2024\">Vis\u00edtenos en el Salon du Littoral 2024<\/a><\/h3><div class=\"excerpt\">Salon du Littoral 2024 El Salon International du Littoral es un evento anual enfocado en... <\/div><a href=\"https:\/\/web.msicom.net\/wordpress\/empresa\/visitenos-en-el-salon-du-littoral-2024\/\" class=\"link\" title=\"Vis\u00edtenos en el Salon du Littoral 2024\">More<\/a><div class=\"clear\"><\/div><\/li><!-- .entry (end) --><li class=\"entry\"><h3><a href=\"https:\/\/web.msicom.net\/wordpress\/empresa\/por-que-los-clientes-eligen-sf-marina-desde-hace-mas-de-100-anos\/\" title=\"\u00bfPor qu\u00e9 los clientes eligen SF Marina desde hace m\u00e1s de 100 a\u00f1os?\">\u00bfPor qu\u00e9 los clientes eligen SF Marina desde hace m\u00e1s de 100 a\u00f1os?<\/a><\/h3><div class=\"excerpt\">Nuestros pantalanes est\u00e1n dise\u00f1ados para seguir en su sitio tras la tormenta, v\u00e9alo en este... <\/div><a href=\"https:\/\/web.msicom.net\/wordpress\/empresa\/por-que-los-clientes-eligen-sf-marina-desde-hace-mas-de-100-anos\/\" class=\"link\" title=\"\u00bfPor qu\u00e9 los clientes eligen SF Marina desde hace m\u00e1s de 100 a\u00f1os?\">More<\/a><div class=\"clear\"><\/div><\/li><!-- .entry (end) --><\/ul><!-- .recent-posts (end) --><\/div>\n<p><a href=\"https:\/\/web.msicom.net\/wordpress\/wp-content\/uploads\/2017\/10\/Latio-4_6-Datasheet_MSI.pdf\">&#8211; Descargar la ficha t\u00e9cnica del panel modelo 4.6 (PDF en ingl\u00e9s, 2 MB)<\/a><\/p><\/div><div class=\"clear\"><\/div>\n<div style=\"padding-bottom:20px; padding-top:10px;\" class=\"hupso-share-buttons\"><!-- Hupso Share Buttons - http:\/\/www.hupso.com\/share\/ --><a class=\"hupso_toolbar\" href=\"http:\/\/www.hupso.com\/share\/\"><img decoding=\"async\" src=\"https:\/\/static.hupso.com\/share\/buttons\/lang\/es\/share-medium.png\" border=\"0\" style=\"padding-top:5px; float:left;\" alt=\"Share\"\/><\/a><script type=\"text\/javascript\">var hupso_services_t=new Array(\"Twitter\",\"Facebook\",\"Google Plus\",\"Linkedin\");var hupso_toolbar_size_t=\"medium\";var hupso_twitter_via = \"MSI_Barcelona\";var hupso_counters_lang = \"en_US\";var hupso_twitter_via=\"MSI_Barcelona\";var hupso_title_t=\"Paneles Solares\";<\/script><script type=\"text\/javascript\" src=\"https:\/\/static.hupso.com\/share\/js\/share_toolbar.js\"><\/script><!-- Hupso Share Buttons --><\/div>","protected":false},"excerpt":{"rendered":"<div style=\"padding-bottom:20px; padding-top:10px;\" class=\"hupso-share-buttons\"><!-- Hupso Share Buttons - http:\/\/www.hupso.com\/share\/ --><a class=\"hupso_toolbar\" href=\"http:\/\/www.hupso.com\/share\/\"><img src=\"https:\/\/static.hupso.com\/share\/buttons\/lang\/es\/share-medium.png\" border=\"0\" style=\"padding-top:5px; float:left;\" alt=\"Share\"\/><\/a><script type=\"text\/javascript\">var hupso_services_t=new Array(\"Twitter\",\"Facebook\",\"Google Plus\",\"Linkedin\");var hupso_toolbar_size_t=\"medium\";var hupso_twitter_via = \"MSI_Barcelona\";var hupso_counters_lang = \"en_US\";var hupso_twitter_via=\"MSI_Barcelona\";var hupso_title_t=\"\u00bfPor qu\u00e9 los clientes eligen SF Marina desde hace m\u00e1s de 100 a\u00f1os?\";<\/script><script type=\"text\/javascript\" src=\"https:\/\/static.hupso.com\/share\/js\/share_toolbar.js\"><\/script><!-- Hupso Share Buttons --><\/div>","protected":false},"author":1,"featured_media":0,"parent":335,"menu_order":0,"comment_status":"closed","ping_status":"closed","template":"page-fullwidth.php","meta":{"footnotes":""},"_links":{"self":[{"href":"https:\/\/web.msicom.net\/wordpress\/wp-json\/wp\/v2\/pages\/1151"}],"collection":[{"href":"https:\/\/web.msicom.net\/wordpress\/wp-json\/wp\/v2\/pages"}],"about":[{"href":"https:\/\/web.msicom.net\/wordpress\/wp-json\/wp\/v2\/types\/page"}],"author":[{"embeddable":true,"href":"https:\/\/web.msicom.net\/wordpress\/wp-json\/wp\/v2\/users\/1"}],"replies":[{"embeddable":true,"href":"https:\/\/web.msicom.net\/wordpress\/wp-json\/wp\/v2\/comments?post=1151"}],"version-history":[{"count":16,"href":"https:\/\/web.msicom.net\/wordpress\/wp-json\/wp\/v2\/pages\/1151\/revisions"}],"predecessor-version":[{"id":1173,"href":"https:\/\/web.msicom.net\/wordpress\/wp-json\/wp\/v2\/pages\/1151\/revisions\/1173"}],"up":[{"embeddable":true,"href":"https:\/\/web.msicom.net\/wordpress\/wp-json\/wp\/v2\/pages\/335"}],"wp:attachment":[{"href":"https:\/\/web.msicom.net\/wordpress\/wp-json\/wp\/v2\/media?parent=1151"}],"curies":[{"name":"wp","href":"https:\/\/api.w.org\/{rel}","templated":true}]}}