{"id":1147,"date":"2017-09-14T11:37:57","date_gmt":"2017-09-14T11:37:57","guid":{"rendered":"http:\/\/web.msicom.net\/wordpress\/?page_id=1147"},"modified":"2023-08-18T14:39:26","modified_gmt":"2023-08-18T14:39:26","slug":"aviso-legal","status":"publish","type":"page","link":"https:\/\/web.msicom.net\/wordpress\/aviso-legal\/","title":{"rendered":"Aviso Legal"},"content":{"rendered":"\n<p><strong>Aviso Legal<\/strong><\/p>\n\n\n\n<p><\/p>\n\n\n\n<p>La presente p\u00e1gina web es titularidad de Marina System Ib\u00e9rica, SL (a partir de ahora Marina System), con domicilio fiscal en WTC Moll de Barcelona, s\/n Edif. Sur Planta 2, 08039 Barcelona. Sociedad inscrita en el registro Mercantil de Barcelona: Tomo 20669, hoja 082, Inscripci\u00f3n 1\u00aa. CIF: B \u2013 59605196<\/p>\n\n\n\n<p>Condiciones de uso<\/p>\n\n\n\n<p>El acceso y utilizaci\u00f3n de esta p\u00e1gina web implica la aceptaci\u00f3n expresa por parte del usuario de las siguientes condiciones:<\/p>\n\n\n\n<p>* El material y contenidos recogidos en esta p\u00e1gina web son propiedad de Marina System o bien de terceros claramente identificados; reserv\u00e1ndose Marina System la modificaci\u00f3n, actualizaci\u00f3n, supresi\u00f3n de los mismos o la limitaci\u00f3n en su acceso a parte o la totalidad de ellos en cualquier momento. Queda prohibida la reproducci\u00f3n, copia, uso, distribuci\u00f3n, comercializaci\u00f3n, comunicaci\u00f3n p\u00fablica o cualquier otra actividad sobre los contenidos sin la autorizaci\u00f3n expresa de sus propietarios, a menos que se refleje expl\u00edcitamente otra cosa.<\/p>\n\n\n\n<p>* Marina System Ib\u00e9rica no se responsabiliza de los contenidos e informaciones de las p\u00e1ginas web de terceras personas conectadas por enlaces (links) que se encuentran en esta p\u00e1gina web.<\/p>\n\n\n\n<p>* Esta p\u00e1gina web no utiliza ning\u00fan medio automatizado (cookies, rootkits, etc.) para recoger datos confidenciales o personales sin su conocimiento ni consentimiento previo.<\/p>\n\n\n\n<p>* En caso de que si le requiera al usuario suministrar datos en ciertas \u00e1reas de esta p\u00e1gina web se le informar\u00e1 de forma precisa de la finalidad y condiciones de uso de esta informaci\u00f3n. En estos casos, y seg\u00fan la normativa vigente sobre Protecci\u00f3n de Datos de Car\u00e1cter Personal y la Ley de Servicios de la Sociedad de la Informaci\u00f3n y Correo Electr\u00f3nico, le informamos que sus datos pueden ser incluidas en un fichero responsabilidad de Marina System Ib\u00e9rica, SL para la \u00fanica y exclusiva finalidad de realizar el servicio que esta recogida de datos implique, dando al usuario de la web su consentimiento expreso e inequ\u00edvoco.<\/p>\n\n\n\n<p>* Usted podr\u00e1 revocar el consentimiento otorgado en cualquier momento, as\u00ed como ejercitar sus derechos de acceso, rectificaci\u00f3n, cancelaci\u00f3n y oposici\u00f3n, en los t\u00e9rminos que establece la legislaci\u00f3n vigente, dirigiendo un escrito a Marina System Ib\u00e9rica SL, WTC Moll de Barcelona, s\/n Edif. Este Planta 2, 08039 Barcelona o bien enviando un correo electr\u00f3nico a info@msi1991.com<\/p>\n\n\n\n<p>Se han adoptado las medidas t\u00e9cnicas y organizativas necesarias, con la tecnolog\u00eda actual, para evitar la alteraci\u00f3n, p\u00e9rdida, tratamiento o acceso no autorizados, de acuerdo con lo establecido en el Real Decreto 1720\/2007, de 21 de diciembre as\u00ed como cualquier otra normativa aplicable.<\/p>\n\n\n\n<p>E-mail:<a href=\"mailto:info@msi1991.com\">info@msi1991.com<\/a><\/p>\n<div style=\"padding-bottom:20px; padding-top:10px;\" class=\"hupso-share-buttons\"><!-- Hupso Share Buttons - http:\/\/www.hupso.com\/share\/ --><a class=\"hupso_toolbar\" href=\"http:\/\/www.hupso.com\/share\/\"><img decoding=\"async\" src=\"https:\/\/static.hupso.com\/share\/buttons\/lang\/es\/share-medium.png\" border=\"0\" style=\"padding-top:5px; float:left;\" alt=\"Share\"\/><\/a><script type=\"text\/javascript\">var hupso_services_t=new Array(\"Twitter\",\"Facebook\",\"Google Plus\",\"Linkedin\");var hupso_toolbar_size_t=\"medium\";var hupso_twitter_via = \"MSI_Barcelona\";var hupso_counters_lang = \"en_US\";var hupso_twitter_via=\"MSI_Barcelona\";var hupso_title_t=\"Aviso Legal\";<\/script><script type=\"text\/javascript\" src=\"https:\/\/static.hupso.com\/share\/js\/share_toolbar.js\"><\/script><!-- Hupso Share Buttons --><\/div>","protected":false},"excerpt":{"rendered":"<p>Aviso Legal La presente p\u00e1gina web es titularidad de Marina System Ib\u00e9rica, SL (a partir de ahora Marina System), con domicilio fiscal en WTC Moll de Barcelona, s\/n Edif. Sur Planta 2, 08039 Barcelona. Sociedad inscrita en el registro Mercantil de Barcelona: Tomo 20669, hoja 082, Inscripci\u00f3n 1\u00aa. CIF: B \u2013 59605196 Condiciones de uso El acceso y utilizaci\u00f3n de esta p\u00e1gina web implica la aceptaci\u00f3n expresa por parte del usuario de las siguientes condiciones: * El material y contenidos recogidos en esta p\u00e1gina web son propiedad de Marina System o bien de terceros claramente identificados; reserv\u00e1ndose Marina System la modificaci\u00f3n, actualizaci\u00f3n, supresi\u00f3n de los mismos o la limitaci\u00f3n en<\/p>\n<div style=\"padding-bottom:20px; padding-top:10px;\" class=\"hupso-share-buttons\"><!-- Hupso Share Buttons - http:\/\/www.hupso.com\/share\/ --><a class=\"hupso_toolbar\" href=\"http:\/\/www.hupso.com\/share\/\"><img src=\"https:\/\/static.hupso.com\/share\/buttons\/lang\/es\/share-medium.png\" border=\"0\" style=\"padding-top:5px; float:left;\" alt=\"Share\"\/><\/a><script type=\"text\/javascript\">var hupso_services_t=new Array(\"Twitter\",\"Facebook\",\"Google Plus\",\"Linkedin\");var hupso_toolbar_size_t=\"medium\";var hupso_twitter_via = \"MSI_Barcelona\";var hupso_counters_lang = \"en_US\";var hupso_twitter_via=\"MSI_Barcelona\";var hupso_title_t=\"Aviso Legal\";<\/script><script type=\"text\/javascript\" src=\"https:\/\/static.hupso.com\/share\/js\/share_toolbar.js\"><\/script><!-- Hupso Share Buttons --><\/div>","protected":false},"author":1,"featured_media":0,"parent":0,"menu_order":0,"comment_status":"closed","ping_status":"closed","template":"page-fullwidth.php","meta":{"footnotes":""},"_links":{"self":[{"href":"https:\/\/web.msicom.net\/wordpress\/wp-json\/wp\/v2\/pages\/1147"}],"collection":[{"href":"https:\/\/web.msicom.net\/wordpress\/wp-json\/wp\/v2\/pages"}],"about":[{"href":"https:\/\/web.msicom.net\/wordpress\/wp-json\/wp\/v2\/types\/page"}],"author":[{"embeddable":true,"href":"https:\/\/web.msicom.net\/wordpress\/wp-json\/wp\/v2\/users\/1"}],"replies":[{"embeddable":true,"href":"https:\/\/web.msicom.net\/wordpress\/wp-json\/wp\/v2\/comments?post=1147"}],"version-history":[{"count":6,"href":"https:\/\/web.msicom.net\/wordpress\/wp-json\/wp\/v2\/pages\/1147\/revisions"}],"predecessor-version":[{"id":1309,"href":"https:\/\/web.msicom.net\/wordpress\/wp-json\/wp\/v2\/pages\/1147\/revisions\/1309"}],"wp:attachment":[{"href":"https:\/\/web.msicom.net\/wordpress\/wp-json\/wp\/v2\/media?parent=1147"}],"curies":[{"name":"wp","href":"https:\/\/api.w.org\/{rel}","templated":true}]}}